{"id":1477,"date":"2024-01-11T14:55:00","date_gmt":"2024-01-11T14:55:00","guid":{"rendered":"https:\/\/pomboagency.com\/?page_id=1477"},"modified":"2024-09-03T15:09:50","modified_gmt":"2024-09-03T15:09:50","slug":"privacy-and-cookies-policy","status":"publish","type":"page","link":"https:\/\/pomboagency.com\/pt\/privacy-and-cookies-policy\/","title":{"rendered":"Pol\u00edtica de privacidade e cookies"},"content":{"rendered":"<div data-elementor-type=\"wp-page\" data-elementor-id=\"1477\" class=\"elementor elementor-1477\" data-elementor-post-type=\"page\">\n\t\t\t\t<div class=\"elementor-element elementor-element-b41ff56 e-flex e-con-boxed e-con e-parent\" data-id=\"b41ff56\" data-element_type=\"container\">\n\t\t\t\t\t<div class=\"e-con-inner\">\n\t\t\t\t<div class=\"elementor-element elementor-element-6394d3a elementor-widget elementor-widget-heading\" data-id=\"6394d3a\" data-element_type=\"widget\" data-widget_type=\"heading.default\">\n\t\t\t\t<div class=\"elementor-widget-container\">\n\t\t\t\t\t<h2 class=\"elementor-heading-title elementor-size-default\">Pol\u00edtica de privacidade<\/h2>\t\t\t\t<\/div>\n\t\t\t\t<\/div>\n\t\t\t\t<div class=\"elementor-element elementor-element-71ebf6e elementor-widget elementor-widget-text-editor\" data-id=\"71ebf6e\" data-element_type=\"widget\" data-widget_type=\"text-editor.default\">\n\t\t\t\t<div class=\"elementor-widget-container\">\n\t\t\t\t\t\t\t\t\t<p>A Pombo Digital Agency \u00e9 propriet\u00e1ria do dom\u00ednio pomboagency.com, onde est\u00e1 hospedado o seu site.<\/p><p>A presente Pol\u00edtica de Privacidade descreve a forma como toda a tua informa\u00e7\u00e3o pessoal \u00e9 recolhida, utilizada e partilhada quando visitas ou registas os teus dados no site pomboagency.com.<\/p><p>A Pombo, enquanto entidade respons\u00e1vel pelo tratamento de dados, est\u00e1 empenhada em salvaguardar a privacidade e a informa\u00e7\u00e3o pessoal dos seus clientes e utilizadores do website. Neste sentido, desenvolveu e implementou esta pol\u00edtica em conjunto com as pr\u00e1ticas delineadas neste documento.<\/p><p>A presente pol\u00edtica de privacidade tem como objetivo esclarecer o processo de recolha e tratamento dos teus dados, pelo que recomendamos vivamente que a leias com aten\u00e7\u00e3o.<\/p><p>RECOLHA DE DADOS PESSOAIS<\/p><p>Exemplos de dados pessoais que recolhemos s\u00e3o o teu nome e email quando subscreves a nossa newsletter e\/ou quando nos contactas atrav\u00e9s do formul\u00e1rio de contacto ou qualquer outra informa\u00e7\u00e3o que te torne identific\u00e1vel.<\/p><p>Identific\u00e1vel significa uma pessoa que possa ser reconhecida, direta ou indiretamente, incluindo refer\u00eancia a um n\u00famero de identifica\u00e7\u00e3o ou outros detalhes particulares relacionados com a tua identidade f\u00edsica, fisiol\u00f3gica, mental, financeira, cultural ou social.<\/p><p>PARA QUE SER\u00c3O UTILIZADOS ESSES DADOS?<\/p><p>A Pombo utilizar\u00e1 os dados fornecidos para as seguintes finalidades:<br \/>Para criar o teu registo de cliente no site;<br \/>Manter o teu registo bem como os teus dados de cliente na \u00e1rea reservada;<br \/>Para registo de um aplicativo para participa\u00e7\u00e3o de eventos;<br \/>Para fins comerciais, como an\u00e1lise de dados e resultados;<br \/>Te contactar, sempre que necess\u00e1rio, com registos de apoio ao cliente e pedidos de informa\u00e7\u00e3o;<br \/>Para quaisquer detalhes que sejam relevantes para o teu registo;<br \/>Para gerenciamento de sites;<br \/>Para enviar newsletters ou outro tipo de comunica\u00e7\u00f5es que tenhas solicitado ou que possam ser do teu interesse;<br \/>Para evitar qualquer amea\u00e7a \u00e0 tua seguran\u00e7a, como fraude;<br \/>Para a melhoria e adapta\u00e7\u00e3o dos servi\u00e7os, nomeadamente atrav\u00e9s da an\u00e1lise de tend\u00eancias de utiliza\u00e7\u00e3o ou da efic\u00e1cia de determinadas campanhas promocionais.<\/p><p>Estas opera\u00e7\u00f5es de tratamento de dados pessoais pretendem servir como ferramenta essencial para a tua satisfa\u00e7\u00e3o e para a atividade da Pombo e s\u00e3o realizadas pela legisla\u00e7\u00e3o aplic\u00e1vel e pelas melhores pr\u00e1ticas.<\/p><p>Os teus dados n\u00e3o ser\u00e3o utilizados para finalidades n\u00e3o previamente identificadas ou que n\u00e3o estejam relacionadas com as finalidades iniciais para as quais foram recolhidos.<\/p><p>Os dados pessoais fornecidos t\u00eam fundamentos espec\u00edficos, dependendo das finalidades a que se destinam.<\/p><p>Apenas s\u00e3o recolhidos os dados verdadeiramente necess\u00e1rios e adequados \u00e0s finalidades da Pombo.<\/p><p>Os servi\u00e7os da Pombo n\u00e3o se destinam a menores e os dados pessoais de menores n\u00e3o s\u00e3o tratados intencionalmente.<\/p><p>COMO S\u00c3O RECOLHIDOS OS TEUS DADOS?<\/p><p>Recolhemos os teus dados atrav\u00e9s de formul\u00e1rios no site, no pr\u00f3prio site e quando s\u00e3o enviados pedidos de comunica\u00e7\u00e3o e mensagens por email.<\/p><p>Quando visitas o nosso site, guardamos automaticamente certas informa\u00e7\u00f5es sobre o teu dispositivo, incluindo informa\u00e7\u00f5es sobre o teu navegador, endere\u00e7o IP, fuso hor\u00e1rio e alguns dos cookies instalados no teu dispositivo. Al\u00e9m disso, \u00e0 medida que navegas no site, recolhemos informa\u00e7\u00f5es sobre as p\u00e1ginas da web ou produtos individuais que visualizas, quais os sites ou termos de pesquisa \u00e9 que te encaminharam ao nosso site e informa\u00e7\u00f5es sobre como interages com o nosso site. Referimo-nos a essas informa\u00e7\u00f5es recolhidas automaticamente como \u201cInforma\u00e7\u00f5es do dispositivo\u201d.<\/p><p>A Pombo compromete-se a tratar os teus dados nos termos da lei e de forma leg\u00edtima.<\/p><p>A Pombo n\u00e3o ir\u00e1 vender, alugar ou partilhar os teus dados com terceiros, exceto nos casos identificados nesta Pol\u00edtica de Privacidade.<\/p><p>A Pombo utilizar\u00e1 cookies no teu dispositivo para personalizar e simplificar a experi\u00eancia de navega\u00e7\u00e3o, al\u00e9m de utiliz\u00e1-los para solucionar problemas, obter estat\u00edsticas, garantir a qualidade e controlar a seguran\u00e7a do sistema.<\/p><p>Com exce\u00e7\u00e3o dos cookies essenciais ao funcionamento do site, o armazenamento de outros cookies estar\u00e1 sempre sujeito \u00e0 aceita\u00e7\u00e3o e consentimento do utilizador, podendo esse consentimento ser revogado a qualquer momento atrav\u00e9s de ferramentas espec\u00edficas do navegador.<\/p><p>COMO \u00c9 QUE PROTEGEMOS OS TEUS DADOS?<\/p><p>A tua informa\u00e7\u00e3o pessoal \u00e9 mantida de forma segura atrav\u00e9s da implementa\u00e7\u00e3o de diversas medidas de seguran\u00e7a, tanto t\u00e9cnicas como organizacionais. Isto garante que apenas funcion\u00e1rios autorizados, atrav\u00e9s de procedimentos estabelecidos, tenham acesso aos teus dados.<\/p><p>Para garantir a seguran\u00e7a dos teus dados, confiamos apenas em fornecedores de data centers que oferecem medidas de seguran\u00e7a adequadas e bem documentadas. Isto inclui garantias de que os teus dados s\u00e3o armazenados em servidores localizados em ambientes controlados, com acesso restrito.<\/p><p>DURANTE QUANTO TEMPO MANTEMOS OS TEUS DADOS?<\/p><p>Os teus dados ser\u00e3o conservados durante o tempo necess\u00e1rio para as finalidades a que se destinam, conforme descrito ao longo desta Pol\u00edtica de Privacidade.<\/p><p>Nas situa\u00e7\u00f5es em que a lei venha com prazo de obrigatoriedade espec\u00edfico, o prazo ser\u00e1 esse.<\/p><p>Findo o per\u00edodo de conserva\u00e7\u00e3o, todos os dados pessoais recolhidos ser\u00e3o eliminados.<\/p><p>MENORES<\/p><p>O site da Pombo n\u00e3o \u00e9 dirigido a menores de 18 anos, pelo que pedimos que os menores n\u00e3o nos forne\u00e7am dados pessoais, redes sociais, ou emails.<\/p><p>ALTERA\u00c7\u00d5ES \u00c0 POL\u00cdTICA DE PRIVACIDADE<\/p><p>A Pombo reserva-se no direito de reajustar ou alterar esta Pol\u00edtica de Privacidade a qualquer momento, sendo essas altera\u00e7\u00f5es publicadas.<\/p><p>FALA CONNOSCO<\/p><p>Se tiveres alguma d\u00favida ou preocupa\u00e7\u00e3o relativamente a esta Pol\u00edtica de Privacidade, por favor contacta-nos por escrito atrav\u00e9s do email hello@pomboagency.com.<\/p><p>\u00daLTIMA VERS\u00c3O<br \/>19 de junho, 2024. Lisboa.<\/p>\t\t\t\t\t\t\t\t<\/div>\n\t\t\t\t<\/div>\n\t\t\t\t\t<\/div>\n\t\t\t\t<\/div>\n\t\t\t\t<\/div>","protected":false},"excerpt":{"rendered":"<p>Privacy policy Pombo Digital Agency is the owner of the domain pomboagency.com, where its website is hosted. This Privacy Policy describes how all your personal information is collected, used, and shared when you visit or register your data on the pomboagency.com website. Pombo, as the entity responsible for data processing, is committed to safeguarding the [&hellip;]<\/p>","protected":false},"author":1,"featured_media":0,"parent":0,"menu_order":0,"comment_status":"closed","ping_status":"closed","template":"elementor_header_footer","meta":{"footnotes":""},"class_list":["post-1477","page","type-page","status-publish","hentry"],"_links":{"self":[{"href":"https:\/\/pomboagency.com\/pt\/wp-json\/wp\/v2\/pages\/1477"}],"collection":[{"href":"https:\/\/pomboagency.com\/pt\/wp-json\/wp\/v2\/pages"}],"about":[{"href":"https:\/\/pomboagency.com\/pt\/wp-json\/wp\/v2\/types\/page"}],"author":[{"embeddable":true,"href":"https:\/\/pomboagency.com\/pt\/wp-json\/wp\/v2\/users\/1"}],"replies":[{"embeddable":true,"href":"https:\/\/pomboagency.com\/pt\/wp-json\/wp\/v2\/comments?post=1477"}],"version-history":[{"count":28,"href":"https:\/\/pomboagency.com\/pt\/wp-json\/wp\/v2\/pages\/1477\/revisions"}],"predecessor-version":[{"id":3429,"href":"https:\/\/pomboagency.com\/pt\/wp-json\/wp\/v2\/pages\/1477\/revisions\/3429"}],"wp:attachment":[{"href":"https:\/\/pomboagency.com\/pt\/wp-json\/wp\/v2\/media?parent=1477"}],"curies":[{"name":"wp","href":"https:\/\/api.w.org\/{rel}","templated":true}]}}