{"id":1800,"date":"2024-02-18T11:34:38","date_gmt":"2024-02-18T11:34:38","guid":{"rendered":"https:\/\/pomboagency.com\/?page_id=1800"},"modified":"2024-09-03T15:13:21","modified_gmt":"2024-09-03T15:13:21","slug":"zarph","status":"publish","type":"page","link":"https:\/\/pomboagency.com\/pt\/zarph\/","title":{"rendered":"Zarph"},"content":{"rendered":"<div data-elementor-type=\"wp-page\" data-elementor-id=\"1800\" class=\"elementor elementor-1800\" data-elementor-post-type=\"page\">\n\t\t\t\t<div class=\"elementor-element elementor-element-1d358da e-flex e-con-boxed e-con e-parent\" data-id=\"1d358da\" data-element_type=\"container\" data-settings=\"{&quot;background_background&quot;:&quot;classic&quot;}\">\n\t\t\t\t\t<div class=\"e-con-inner\">\n\t\t\t\t<div class=\"elementor-element elementor-element-35c7c25 elementor-widget elementor-widget-image\" data-id=\"35c7c25\" data-element_type=\"widget\" data-widget_type=\"image.default\">\n\t\t\t\t<div class=\"elementor-widget-container\">\n\t\t\t\t\t\t\t\t\t\t\t\t\t\t\t<img fetchpriority=\"high\" decoding=\"async\" width=\"800\" height=\"279\" src=\"https:\/\/pomboagency.com\/wp-content\/uploads\/2024\/01\/logo-branco-zarphpombo-agency-1024x357.png\" class=\"attachment-large size-large wp-image-370\" alt=\"\" srcset=\"https:\/\/pomboagency.com\/wp-content\/uploads\/2024\/01\/logo-branco-zarphpombo-agency-1024x357.png 1024w, https:\/\/pomboagency.com\/wp-content\/uploads\/2024\/01\/logo-branco-zarphpombo-agency-300x104.png 300w, https:\/\/pomboagency.com\/wp-content\/uploads\/2024\/01\/logo-branco-zarphpombo-agency-768x267.png 768w, https:\/\/pomboagency.com\/wp-content\/uploads\/2024\/01\/logo-branco-zarphpombo-agency.png 1206w\" sizes=\"(max-width: 800px) 100vw, 800px\" \/>\t\t\t\t\t\t\t\t\t\t\t\t\t\t\t<\/div>\n\t\t\t\t<\/div>\n\t\t\t\t<div class=\"elementor-element elementor-element-b1aeb67 elementor-widget elementor-widget-text-editor\" data-id=\"b1aeb67\" data-element_type=\"widget\" data-widget_type=\"text-editor.default\">\n\t\t\t\t<div class=\"elementor-widget-container\">\n\t\t\t\t\t\t\t\t\t<p>Website | Email marketing | Redes sociais | An\u00fancios de redes sociais<\/p>\t\t\t\t\t\t\t\t<\/div>\n\t\t\t\t<\/div>\n\t\t\t\t\t<\/div>\n\t\t\t\t<\/div>\n\t\t<div class=\"elementor-element elementor-element-6ff57ef e-flex e-con-boxed e-con e-parent\" data-id=\"6ff57ef\" data-element_type=\"container\">\n\t\t\t\t\t<div class=\"e-con-inner\">\n\t\t\t\t<div class=\"elementor-element elementor-element-1ca0375b elementor-widget elementor-widget-heading\" data-id=\"1ca0375b\" data-element_type=\"widget\" data-widget_type=\"heading.default\">\n\t\t\t\t<div class=\"elementor-widget-container\">\n\t\t\t\t\t<h3 class=\"elementor-heading-title elementor-size-default\">O pedido<\/h3>\t\t\t\t<\/div>\n\t\t\t\t<\/div>\n\t\t\t\t<div class=\"elementor-element elementor-element-6fb01de elementor-widget elementor-widget-text-editor\" data-id=\"6fb01de\" data-element_type=\"widget\" data-widget_type=\"text-editor.default\">\n\t\t\t\t<div class=\"elementor-widget-container\">\n\t\t\t\t\t\t\t\t\t<p>A Zarph \u00e9 especialista em gest\u00e3o de tesouraria e sistemas de pagamentos, desenvolvendo solu\u00e7\u00f5es de hardware e software para melhorar e maximizar processos nessas \u00e1reas. Assumimos a lideran\u00e7a na revitaliza\u00e7\u00e3o da identidade visual, do site e da presen\u00e7a nas redes sociais da Zarph. A nossa miss\u00e3o? Revolucionar a identidade central da marca e criar uma presen\u00e7a digital envolvente que cative o p\u00fablico de uma forma diferenciada.<\/p>\t\t\t\t\t\t\t\t<\/div>\n\t\t\t\t<\/div>\n\t\t\t\t\t<\/div>\n\t\t\t\t<\/div>\n\t\t<div class=\"elementor-element elementor-element-e5f7657 e-flex e-con-boxed e-con e-parent\" data-id=\"e5f7657\" data-element_type=\"container\" data-settings=\"{&quot;background_background&quot;:&quot;classic&quot;}\">\n\t\t\t\t\t<div class=\"e-con-inner\">\n\t\t\t\t<div class=\"elementor-element elementor-element-64b95994 elementor-widget elementor-widget-image\" data-id=\"64b95994\" data-element_type=\"widget\" data-widget_type=\"image.default\">\n\t\t\t\t<div class=\"elementor-widget-container\">\n\t\t\t\t\t\t\t\t\t\t\t\t\t\t\t<img decoding=\"async\" width=\"800\" height=\"534\" src=\"https:\/\/pomboagency.com\/wp-content\/uploads\/2024\/05\/macbook-pc-zarph-1024x683.webp\" class=\"attachment-large size-large wp-image-2608\" alt=\"\" srcset=\"https:\/\/pomboagency.com\/wp-content\/uploads\/2024\/05\/macbook-pc-zarph-1024x683.webp 1024w, https:\/\/pomboagency.com\/wp-content\/uploads\/2024\/05\/macbook-pc-zarph-300x200.webp 300w, https:\/\/pomboagency.com\/wp-content\/uploads\/2024\/05\/macbook-pc-zarph-768x512.webp 768w, https:\/\/pomboagency.com\/wp-content\/uploads\/2024\/05\/macbook-pc-zarph-1536x1024.webp 1536w, https:\/\/pomboagency.com\/wp-content\/uploads\/2024\/05\/macbook-pc-zarph-2048x1365.webp 2048w, https:\/\/pomboagency.com\/wp-content\/uploads\/2024\/05\/macbook-pc-zarph-18x12.webp 18w\" sizes=\"(max-width: 800px) 100vw, 800px\" \/>\t\t\t\t\t\t\t\t\t\t\t\t\t\t\t<\/div>\n\t\t\t\t<\/div>\n\t\t\t\t\t<\/div>\n\t\t\t\t<\/div>\n\t\t<div class=\"elementor-element elementor-element-4513236f e-flex e-con-boxed e-con e-parent\" data-id=\"4513236f\" data-element_type=\"container\" data-settings=\"{&quot;background_background&quot;:&quot;classic&quot;,&quot;background_motion_fx_motion_fx_mouse&quot;:&quot;yes&quot;}\">\n\t\t\t\t\t<div class=\"e-con-inner\">\n\t\t\t\t\t<\/div>\n\t\t\t\t<\/div>\n\t\t<div class=\"elementor-element elementor-element-4cade439 e-flex e-con-boxed e-con e-parent\" data-id=\"4cade439\" data-element_type=\"container\">\n\t\t\t\t\t<div class=\"e-con-inner\">\n\t\t\t\t<div class=\"elementor-element elementor-element-2f8d629e elementor-widget elementor-widget-image\" data-id=\"2f8d629e\" data-element_type=\"widget\" data-widget_type=\"image.default\">\n\t\t\t\t<div class=\"elementor-widget-container\">\n\t\t\t\t\t\t\t\t\t\t\t\t\t\t\t<img decoding=\"async\" width=\"580\" height=\"2560\" src=\"https:\/\/pomboagency.com\/wp-content\/uploads\/2024\/05\/website-zarph-1-scaled.webp\" class=\"attachment-full size-full wp-image-2614\" alt=\"\" srcset=\"https:\/\/pomboagency.com\/wp-content\/uploads\/2024\/05\/website-zarph-1-scaled.webp 580w, https:\/\/pomboagency.com\/wp-content\/uploads\/2024\/05\/website-zarph-1-68x300.webp 68w, https:\/\/pomboagency.com\/wp-content\/uploads\/2024\/05\/website-zarph-1-232x1024.webp 232w, https:\/\/pomboagency.com\/wp-content\/uploads\/2024\/05\/website-zarph-1-768x3389.webp 768w, https:\/\/pomboagency.com\/wp-content\/uploads\/2024\/05\/website-zarph-1-348x1536.webp 348w, https:\/\/pomboagency.com\/wp-content\/uploads\/2024\/05\/website-zarph-1-464x2048.webp 464w, https:\/\/pomboagency.com\/wp-content\/uploads\/2024\/05\/website-zarph-1-3x12.webp 3w\" sizes=\"(max-width: 580px) 100vw, 580px\" \/>\t\t\t\t\t\t\t\t\t\t\t\t\t\t\t<\/div>\n\t\t\t\t<\/div>\n\t\t\t\t\t<\/div>\n\t\t\t\t<\/div>\n\t\t<div class=\"elementor-element elementor-element-f1eb121 e-flex e-con-boxed e-con e-parent\" data-id=\"f1eb121\" data-element_type=\"container\">\n\t\t\t\t\t<div class=\"e-con-inner\">\n\t\t<div class=\"elementor-element elementor-element-597e5b6 e-con-full e-flex e-con e-child\" data-id=\"597e5b6\" data-element_type=\"container\">\n\t\t\t\t<div class=\"elementor-element elementor-element-a8b52c0 elementor-widget elementor-widget-image\" data-id=\"a8b52c0\" data-element_type=\"widget\" data-widget_type=\"image.default\">\n\t\t\t\t<div class=\"elementor-widget-container\">\n\t\t\t\t\t\t\t\t\t\t\t\t\t\t\t<img loading=\"lazy\" decoding=\"async\" width=\"551\" height=\"687\" src=\"https:\/\/pomboagency.com\/wp-content\/uploads\/2024\/05\/Screenshot-2024-05-14-at-10.04.35.png\" class=\"attachment-large size-large wp-image-2994\" alt=\"\" srcset=\"https:\/\/pomboagency.com\/wp-content\/uploads\/2024\/05\/Screenshot-2024-05-14-at-10.04.35.png 551w, https:\/\/pomboagency.com\/wp-content\/uploads\/2024\/05\/Screenshot-2024-05-14-at-10.04.35-241x300.png 241w, https:\/\/pomboagency.com\/wp-content\/uploads\/2024\/05\/Screenshot-2024-05-14-at-10.04.35-10x12.png 10w\" sizes=\"(max-width: 551px) 100vw, 551px\" \/>\t\t\t\t\t\t\t\t\t\t\t\t\t\t\t<\/div>\n\t\t\t\t<\/div>\n\t\t\t\t<\/div>\n\t\t<div class=\"elementor-element elementor-element-d9d1fc5 e-con-full e-flex e-con e-child\" data-id=\"d9d1fc5\" data-element_type=\"container\">\n\t\t\t\t<div class=\"elementor-element elementor-element-3aa7209 elementor-widget elementor-widget-image\" data-id=\"3aa7209\" data-element_type=\"widget\" data-widget_type=\"image.default\">\n\t\t\t\t<div class=\"elementor-widget-container\">\n\t\t\t\t\t\t\t\t\t\t\t\t\t\t\t<img loading=\"lazy\" decoding=\"async\" width=\"600\" height=\"750\" src=\"https:\/\/pomboagency.com\/wp-content\/uploads\/2024\/02\/carrossel-ezgif.com-video-to-gif-converter.gif\" class=\"attachment-large size-large wp-image-1739\" alt=\"\" \/>\t\t\t\t\t\t\t\t\t\t\t\t\t\t\t<\/div>\n\t\t\t\t<\/div>\n\t\t\t\t<\/div>\n\t\t<div class=\"elementor-element elementor-element-c182ee4 e-con-full e-flex e-con e-child\" data-id=\"c182ee4\" data-element_type=\"container\">\n\t\t\t\t<div class=\"elementor-element elementor-element-07f979f elementor-widget elementor-widget-image\" data-id=\"07f979f\" data-element_type=\"widget\" data-widget_type=\"image.default\">\n\t\t\t\t<div class=\"elementor-widget-container\">\n\t\t\t\t\t\t\t\t\t\t\t\t\t\t\t<img loading=\"lazy\" decoding=\"async\" width=\"800\" height=\"1000\" src=\"https:\/\/pomboagency.com\/wp-content\/uploads\/2024\/02\/1705575062680.jpeg\" class=\"attachment-large size-large wp-image-1735\" alt=\"\" srcset=\"https:\/\/pomboagency.com\/wp-content\/uploads\/2024\/02\/1705575062680.jpeg 800w, https:\/\/pomboagency.com\/wp-content\/uploads\/2024\/02\/1705575062680-240x300.jpeg 240w, https:\/\/pomboagency.com\/wp-content\/uploads\/2024\/02\/1705575062680-768x960.jpeg 768w\" sizes=\"(max-width: 800px) 100vw, 800px\" \/>\t\t\t\t\t\t\t\t\t\t\t\t\t\t\t<\/div>\n\t\t\t\t<\/div>\n\t\t\t\t<\/div>\n\t\t<div class=\"elementor-element elementor-element-cc0e721 e-con-full e-flex e-con e-child\" data-id=\"cc0e721\" data-element_type=\"container\">\n\t\t\t\t<div class=\"elementor-element elementor-element-4a60e50 elementor-widget elementor-widget-image\" data-id=\"4a60e50\" data-element_type=\"widget\" data-widget_type=\"image.default\">\n\t\t\t\t<div class=\"elementor-widget-container\">\n\t\t\t\t\t\t\t\t\t\t\t\t\t\t\t<img loading=\"lazy\" decoding=\"async\" width=\"600\" height=\"750\" src=\"https:\/\/pomboagency.com\/wp-content\/uploads\/2024\/05\/video-ezgif.com-video-to-gif-converter.gif\" class=\"attachment-large size-large wp-image-2999\" alt=\"\" \/>\t\t\t\t\t\t\t\t\t\t\t\t\t\t\t<\/div>\n\t\t\t\t<\/div>\n\t\t\t\t<\/div>\n\t\t<div class=\"elementor-element elementor-element-50bbc9a e-con-full e-flex e-con e-child\" data-id=\"50bbc9a\" data-element_type=\"container\">\n\t\t\t\t<div class=\"elementor-element elementor-element-d0503b9 elementor-widget elementor-widget-image\" data-id=\"d0503b9\" data-element_type=\"widget\" data-widget_type=\"image.default\">\n\t\t\t\t<div class=\"elementor-widget-container\">\n\t\t\t\t\t\t\t\t\t\t\t\t\t\t\t<img loading=\"lazy\" decoding=\"async\" width=\"551\" height=\"691\" src=\"https:\/\/pomboagency.com\/wp-content\/uploads\/2024\/05\/Screenshot-2024-05-14-at-10.00.17.png\" class=\"attachment-large size-large wp-image-2990\" alt=\"\" srcset=\"https:\/\/pomboagency.com\/wp-content\/uploads\/2024\/05\/Screenshot-2024-05-14-at-10.00.17.png 551w, https:\/\/pomboagency.com\/wp-content\/uploads\/2024\/05\/Screenshot-2024-05-14-at-10.00.17-239x300.png 239w, https:\/\/pomboagency.com\/wp-content\/uploads\/2024\/05\/Screenshot-2024-05-14-at-10.00.17-10x12.png 10w\" sizes=\"(max-width: 551px) 100vw, 551px\" \/>\t\t\t\t\t\t\t\t\t\t\t\t\t\t\t<\/div>\n\t\t\t\t<\/div>\n\t\t\t\t<\/div>\n\t\t<div class=\"elementor-element elementor-element-c5fd6c8 e-con-full e-flex e-con e-child\" data-id=\"c5fd6c8\" data-element_type=\"container\">\n\t\t\t\t<div class=\"elementor-element elementor-element-64878ae elementor-widget elementor-widget-image\" data-id=\"64878ae\" data-element_type=\"widget\" data-widget_type=\"image.default\">\n\t\t\t\t<div class=\"elementor-widget-container\">\n\t\t\t\t\t\t\t\t\t\t\t\t\t\t\t<img loading=\"lazy\" decoding=\"async\" width=\"600\" height=\"750\" src=\"https:\/\/pomboagency.com\/wp-content\/uploads\/2024\/02\/perguntas-frequentes-ezgif.com-video-to-gif-converter.gif\" class=\"attachment-large size-large wp-image-1752\" alt=\"\" \/>\t\t\t\t\t\t\t\t\t\t\t\t\t\t\t<\/div>\n\t\t\t\t<\/div>\n\t\t\t\t<\/div>\n\t\t\t\t\t<\/div>\n\t\t\t\t<\/div>\n\t\t<div class=\"elementor-element elementor-element-2db48c25 e-flex e-con-boxed e-con e-parent\" data-id=\"2db48c25\" data-element_type=\"container\" data-settings=\"{&quot;background_background&quot;:&quot;classic&quot;}\">\n\t\t\t\t\t<div class=\"e-con-inner\">\n\t\t\t\t\t<\/div>\n\t\t\t\t<\/div>\n\t\t<div class=\"elementor-element elementor-element-39fad95e e-flex e-con-boxed e-con e-parent\" data-id=\"39fad95e\" data-element_type=\"container\">\n\t\t\t\t\t<div class=\"e-con-inner\">\n\t\t\t\t<div class=\"elementor-element elementor-element-7ae0c02d elementor-widget elementor-widget-heading\" data-id=\"7ae0c02d\" data-element_type=\"widget\" data-widget_type=\"heading.default\">\n\t\t\t\t<div class=\"elementor-widget-container\">\n\t\t\t\t\t<h2 class=\"elementor-heading-title elementor-size-default\">Ao celebrarmos as nossas conquistas com a Zarph, sentimo-nos inspirados para continuar a moldar narrativas de marca voltadas para o futuro<\/h2>\t\t\t\t<\/div>\n\t\t\t\t<\/div>\n\t\t\t\t<div class=\"elementor-element elementor-element-4cdc8f3c elementor-align-center elementor-invisible elementor-widget elementor-widget-button\" data-id=\"4cdc8f3c\" data-element_type=\"widget\" data-settings=\"{&quot;_animation&quot;:&quot;fadeIn&quot;}\" data-widget_type=\"button.default\">\n\t\t\t\t<div class=\"elementor-widget-container\">\n\t\t\t\t\t\t\t\t\t<div class=\"elementor-button-wrapper\">\n\t\t\t\t\t<a class=\"elementor-button elementor-button-link elementor-size-sm\" href=\"https:\/\/pomboagency.com\/pt\/contatos\/\">\n\t\t\t\t\t\t<span class=\"elementor-button-content-wrapper\">\n\t\t\t\t\t\t\t\t\t<span class=\"elementor-button-text\">Entra em contacto connosco<\/span>\n\t\t\t\t\t<\/span>\n\t\t\t\t\t<\/a>\n\t\t\t\t<\/div>\n\t\t\t\t\t\t\t\t<\/div>\n\t\t\t\t<\/div>\n\t\t\t\t\t<\/div>\n\t\t\t\t<\/div>\n\t\t<div class=\"elementor-element elementor-element-693715a e-flex e-con-boxed e-con e-parent\" data-id=\"693715a\" data-element_type=\"container\">\n\t\t\t\t\t<div class=\"e-con-inner\">\n\t\t\t\t<div class=\"elementor-element elementor-element-f42f53c elementor-widget elementor-widget-heading\" data-id=\"f42f53c\" data-element_type=\"widget\" data-widget_type=\"heading.default\">\n\t\t\t\t<div class=\"elementor-widget-container\">\n\t\t\t\t\t<h3 class=\"elementor-heading-title elementor-size-default\">Outros projetos<\/h3>\t\t\t\t<\/div>\n\t\t\t\t<\/div>\n\t\t\t\t\t<\/div>\n\t\t\t\t<\/div>\n\t\t<div class=\"elementor-element elementor-element-063fdb4 e-flex e-con-boxed e-con e-parent\" data-id=\"063fdb4\" data-element_type=\"container\">\n\t\t\t\t\t<div class=\"e-con-inner\">\n\t\t<div class=\"elementor-element elementor-element-5263480 e-con-full e-flex e-con e-child\" data-id=\"5263480\" data-element_type=\"container\" data-settings=\"{&quot;background_background&quot;:&quot;classic&quot;}\">\n\t\t\t\t<div class=\"elementor-element elementor-element-c9c96f3 elementor-widget elementor-widget-heading\" data-id=\"c9c96f3\" data-element_type=\"widget\" data-widget_type=\"heading.default\">\n\t\t\t\t<div class=\"elementor-widget-container\">\n\t\t\t\t\t<h2 class=\"elementor-heading-title elementor-size-default\">Brandz<\/h2>\t\t\t\t<\/div>\n\t\t\t\t<\/div>\n\t\t\t\t<div class=\"elementor-element elementor-element-5a1b998 elementor-widget elementor-widget-text-editor\" data-id=\"5a1b998\" data-element_type=\"widget\" data-widget_type=\"text-editor.default\">\n\t\t\t\t<div class=\"elementor-widget-container\">\n\t\t\t\t\t\t\t\t\t<p>Website | Email marketing | Marketing automation | Redes sociais | An\u00fancios de redes sociais<\/p>\t\t\t\t\t\t\t\t<\/div>\n\t\t\t\t<\/div>\n\t\t\t\t<div class=\"elementor-element elementor-element-d64a388 elementor-align-center elementor-invisible elementor-widget elementor-widget-button\" data-id=\"d64a388\" data-element_type=\"widget\" data-settings=\"{&quot;_animation&quot;:&quot;fadeIn&quot;}\" data-widget_type=\"button.default\">\n\t\t\t\t<div class=\"elementor-widget-container\">\n\t\t\t\t\t\t\t\t\t<div class=\"elementor-button-wrapper\">\n\t\t\t\t\t<a class=\"elementor-button elementor-button-link elementor-size-sm\" href=\"https:\/\/pomboagency.com\/pt\/brandz-store\/\">\n\t\t\t\t\t\t<span class=\"elementor-button-content-wrapper\">\n\t\t\t\t\t\t\t\t\t<span class=\"elementor-button-text\">Ver projeto<\/span>\n\t\t\t\t\t<\/span>\n\t\t\t\t\t<\/a>\n\t\t\t\t<\/div>\n\t\t\t\t\t\t\t\t<\/div>\n\t\t\t\t<\/div>\n\t\t\t\t<\/div>\n\t\t<div class=\"elementor-element elementor-element-64aad1d e-con-full e-flex e-con e-child\" data-id=\"64aad1d\" data-element_type=\"container\" data-settings=\"{&quot;background_background&quot;:&quot;classic&quot;}\">\n\t\t\t\t<div class=\"elementor-element elementor-element-44ae17e elementor-widget elementor-widget-heading\" data-id=\"44ae17e\" data-element_type=\"widget\" data-widget_type=\"heading.default\">\n\t\t\t\t<div class=\"elementor-widget-container\">\n\t\t\t\t\t<h2 class=\"elementor-heading-title elementor-size-default\">M\u00f4\u00e7es<\/h2>\t\t\t\t<\/div>\n\t\t\t\t<\/div>\n\t\t\t\t<div class=\"elementor-element elementor-element-01584e4 elementor-widget elementor-widget-text-editor\" data-id=\"01584e4\" data-element_type=\"widget\" data-widget_type=\"text-editor.default\">\n\t\t\t\t<div class=\"elementor-widget-container\">\n\t\t\t\t\t\t\t\t\t<p>Marketing automation | Website<\/p>\t\t\t\t\t\t\t\t<\/div>\n\t\t\t\t<\/div>\n\t\t\t\t<div class=\"elementor-element elementor-element-7b5fd87 elementor-align-center elementor-invisible elementor-widget elementor-widget-button\" data-id=\"7b5fd87\" data-element_type=\"widget\" data-settings=\"{&quot;_animation&quot;:&quot;fadeIn&quot;}\" data-widget_type=\"button.default\">\n\t\t\t\t<div class=\"elementor-widget-container\">\n\t\t\t\t\t\t\t\t\t<div class=\"elementor-button-wrapper\">\n\t\t\t\t\t<a class=\"elementor-button elementor-button-link elementor-size-sm\" href=\"https:\/\/pomboagency.com\/pt\/moces\/\">\n\t\t\t\t\t\t<span class=\"elementor-button-content-wrapper\">\n\t\t\t\t\t\t\t\t\t<span class=\"elementor-button-text\">Ver projeto<\/span>\n\t\t\t\t\t<\/span>\n\t\t\t\t\t<\/a>\n\t\t\t\t<\/div>\n\t\t\t\t\t\t\t\t<\/div>\n\t\t\t\t<\/div>\n\t\t\t\t<\/div>\n\t\t\t\t\t<\/div>\n\t\t\t\t<\/div>\n\t\t\t\t<\/div>","protected":false},"excerpt":{"rendered":"<p>Website | Email marketing | Social media | Social media ads THE REQUEST Zarph is a specialist in treasury management and payment systems and develops hardware and software solutions to improve and maximize processes in these areas. We took the lead in revitalizing Zarph&#8217;s visual identity, website, and social media presence. Our mission? To revolutionize [&hellip;]<\/p>","protected":false},"author":1,"featured_media":0,"parent":0,"menu_order":0,"comment_status":"closed","ping_status":"closed","template":"elementor_header_footer","meta":{"footnotes":""},"class_list":["post-1800","page","type-page","status-publish","hentry"],"_links":{"self":[{"href":"https:\/\/pomboagency.com\/pt\/wp-json\/wp\/v2\/pages\/1800"}],"collection":[{"href":"https:\/\/pomboagency.com\/pt\/wp-json\/wp\/v2\/pages"}],"about":[{"href":"https:\/\/pomboagency.com\/pt\/wp-json\/wp\/v2\/types\/page"}],"author":[{"embeddable":true,"href":"https:\/\/pomboagency.com\/pt\/wp-json\/wp\/v2\/users\/1"}],"replies":[{"embeddable":true,"href":"https:\/\/pomboagency.com\/pt\/wp-json\/wp\/v2\/comments?post=1800"}],"version-history":[{"count":119,"href":"https:\/\/pomboagency.com\/pt\/wp-json\/wp\/v2\/pages\/1800\/revisions"}],"predecessor-version":[{"id":3438,"href":"https:\/\/pomboagency.com\/pt\/wp-json\/wp\/v2\/pages\/1800\/revisions\/3438"}],"wp:attachment":[{"href":"https:\/\/pomboagency.com\/pt\/wp-json\/wp\/v2\/media?parent=1800"}],"curies":[{"name":"wp","href":"https:\/\/api.w.org\/{rel}","templated":true}]}}