{"id":1921,"date":"2024-03-14T12:43:39","date_gmt":"2024-03-14T12:43:39","guid":{"rendered":"https:\/\/pomboagency.com\/?page_id=1921"},"modified":"2024-09-03T15:07:14","modified_gmt":"2024-09-03T15:07:14","slug":"moces","status":"publish","type":"page","link":"https:\/\/pomboagency.com\/pt\/moces\/","title":{"rendered":"Mo\u00e7es"},"content":{"rendered":"<div data-elementor-type=\"wp-page\" data-elementor-id=\"1921\" class=\"elementor elementor-1921\" data-elementor-post-type=\"page\">\n\t\t\t\t<div class=\"elementor-element elementor-element-180d9293 e-flex e-con-boxed e-con e-parent\" data-id=\"180d9293\" data-element_type=\"container\" data-settings=\"{&quot;background_background&quot;:&quot;classic&quot;}\">\n\t\t\t\t\t<div class=\"e-con-inner\">\n\t\t\t\t<div class=\"elementor-element elementor-element-6fb5e94b elementor-widget elementor-widget-image\" data-id=\"6fb5e94b\" data-element_type=\"widget\" data-widget_type=\"image.default\">\n\t\t\t\t<div class=\"elementor-widget-container\">\n\t\t\t\t\t\t\t\t\t\t\t\t\t\t\t<img fetchpriority=\"high\" decoding=\"async\" width=\"673\" height=\"420\" src=\"https:\/\/pomboagency.com\/wp-content\/uploads\/2024\/02\/moces2.png\" class=\"attachment-large size-large wp-image-1690\" alt=\"\" srcset=\"https:\/\/pomboagency.com\/wp-content\/uploads\/2024\/02\/moces2.png 673w, https:\/\/pomboagency.com\/wp-content\/uploads\/2024\/02\/moces2-300x187.png 300w\" sizes=\"(max-width: 673px) 100vw, 673px\" \/>\t\t\t\t\t\t\t\t\t\t\t\t\t\t\t<\/div>\n\t\t\t\t<\/div>\n\t\t\t\t<div class=\"elementor-element elementor-element-a049729 elementor-widget elementor-widget-text-editor\" data-id=\"a049729\" data-element_type=\"widget\" data-widget_type=\"text-editor.default\">\n\t\t\t\t<div class=\"elementor-widget-container\">\n\t\t\t\t\t\t\t\t\t<p>Website | Marketing automation<\/p>\t\t\t\t\t\t\t\t<\/div>\n\t\t\t\t<\/div>\n\t\t\t\t\t<\/div>\n\t\t\t\t<\/div>\n\t\t<div class=\"elementor-element elementor-element-5b3cd793 e-flex e-con-boxed e-con e-parent\" data-id=\"5b3cd793\" data-element_type=\"container\">\n\t\t\t\t\t<div class=\"e-con-inner\">\n\t\t\t\t<div class=\"elementor-element elementor-element-bfb4a62 elementor-widget elementor-widget-heading\" data-id=\"bfb4a62\" data-element_type=\"widget\" data-widget_type=\"heading.default\">\n\t\t\t\t<div class=\"elementor-widget-container\">\n\t\t\t\t\t<h3 class=\"elementor-heading-title elementor-size-default\">O pedido<\/h3>\t\t\t\t<\/div>\n\t\t\t\t<\/div>\n\t\t\t\t<div class=\"elementor-element elementor-element-24a05c36 elementor-widget elementor-widget-text-editor\" data-id=\"24a05c36\" data-element_type=\"widget\" data-widget_type=\"text-editor.default\">\n\t\t\t\t<div class=\"elementor-widget-container\">\n\t\t\t\t\t\t\t\t\t<p>A Artists &amp; Fleas queria uma p\u00e1gina de ades\u00e3o para os vendedores, permitindo-lhes reservar espa\u00e7os para a sua participa\u00e7\u00e3o em datas concretas. A p\u00e1gina precisava de ser organizada por r\u00f3tulos, facilitando todo o tipo de transa\u00e7\u00f5es e um planeamento eficaz de eventos tanto para vendedores como organizadores.<\/p><p>Apenas os membros aprovados pela Mo\u00e7es poderiam entrar nesta p\u00e1gina secreta de ades\u00e3o, e por isso cri\u00e1mos todos os processos necess\u00e1rios de aprova\u00e7\u00e3o e rejei\u00e7\u00e3o.<\/p>\t\t\t\t\t\t\t\t<\/div>\n\t\t\t\t<\/div>\n\t\t\t\t<div class=\"elementor-element elementor-element-41a920bd elementor-widget elementor-widget-image\" data-id=\"41a920bd\" data-element_type=\"widget\" data-widget_type=\"image.default\">\n\t\t\t\t<div class=\"elementor-widget-container\">\n\t\t\t\t\t\t\t\t\t\t\t\t\t\t\t<img decoding=\"async\" width=\"680\" height=\"1024\" src=\"https:\/\/pomboagency.com\/wp-content\/uploads\/2024\/03\/2-680x1024.png\" class=\"attachment-large size-large wp-image-2006\" alt=\"\" srcset=\"https:\/\/pomboagency.com\/wp-content\/uploads\/2024\/03\/2-680x1024.png 680w, https:\/\/pomboagency.com\/wp-content\/uploads\/2024\/03\/2-199x300.png 199w, https:\/\/pomboagency.com\/wp-content\/uploads\/2024\/03\/2-768x1157.png 768w, https:\/\/pomboagency.com\/wp-content\/uploads\/2024\/03\/2-1020x1536.png 1020w, https:\/\/pomboagency.com\/wp-content\/uploads\/2024\/03\/2.png 1085w\" sizes=\"(max-width: 680px) 100vw, 680px\" \/>\t\t\t\t\t\t\t\t\t\t\t\t\t\t\t<\/div>\n\t\t\t\t<\/div>\n\t\t\t\t\t<\/div>\n\t\t\t\t<\/div>\n\t\t<div class=\"elementor-element elementor-element-7910983f e-flex e-con-boxed e-con e-parent\" data-id=\"7910983f\" data-element_type=\"container\" data-settings=\"{&quot;background_background&quot;:&quot;classic&quot;,&quot;background_motion_fx_motion_fx_mouse&quot;:&quot;yes&quot;}\">\n\t\t\t\t\t<div class=\"e-con-inner\">\n\t\t\t\t\t<\/div>\n\t\t\t\t<\/div>\n\t\t<div class=\"elementor-element elementor-element-be76485 e-flex e-con-boxed e-con e-parent\" data-id=\"be76485\" data-element_type=\"container\" data-settings=\"{&quot;background_background&quot;:&quot;classic&quot;}\">\n\t\t\t\t\t<div class=\"e-con-inner\">\n\t\t\t\t\t<\/div>\n\t\t\t\t<\/div>\n\t\t<div class=\"elementor-element elementor-element-4b9188e2 e-flex e-con-boxed e-con e-parent\" data-id=\"4b9188e2\" data-element_type=\"container\" data-settings=\"{&quot;background_background&quot;:&quot;classic&quot;,&quot;background_motion_fx_motion_fx_mouse&quot;:&quot;yes&quot;}\">\n\t\t\t\t\t<div class=\"e-con-inner\">\n\t\t\t\t\t<\/div>\n\t\t\t\t<\/div>\n\t\t<div class=\"elementor-element elementor-element-560a7393 e-flex e-con-boxed e-con e-parent\" data-id=\"560a7393\" data-element_type=\"container\">\n\t\t\t\t\t<div class=\"e-con-inner\">\n\t\t\t\t<div class=\"elementor-element elementor-element-36046e4c elementor-widget elementor-widget-heading\" data-id=\"36046e4c\" data-element_type=\"widget\" data-widget_type=\"heading.default\">\n\t\t\t\t<div class=\"elementor-widget-container\">\n\t\t\t\t\t<h2 class=\"elementor-heading-title elementor-size-default\">By integrating marketing automation with Squarespace, we optimized efficiency, making tasks more automated and user-friendly for the Artists &amp; Fleas's team, facilitating smoother operations, and enhancing customer experiences.<\/h2>\t\t\t\t<\/div>\n\t\t\t\t<\/div>\n\t\t\t\t<div class=\"elementor-element elementor-element-6886f2f0 elementor-align-center elementor-invisible elementor-widget elementor-widget-button\" data-id=\"6886f2f0\" data-element_type=\"widget\" data-settings=\"{&quot;_animation&quot;:&quot;fadeIn&quot;}\" data-widget_type=\"button.default\">\n\t\t\t\t<div class=\"elementor-widget-container\">\n\t\t\t\t\t\t\t\t\t<div class=\"elementor-button-wrapper\">\n\t\t\t\t\t<a class=\"elementor-button elementor-button-link elementor-size-sm\" href=\"https:\/\/pomboagency.com\/pt\/contatos\/\">\n\t\t\t\t\t\t<span class=\"elementor-button-content-wrapper\">\n\t\t\t\t\t\t\t\t\t<span class=\"elementor-button-text\">Entra em contacto connosco<\/span>\n\t\t\t\t\t<\/span>\n\t\t\t\t\t<\/a>\n\t\t\t\t<\/div>\n\t\t\t\t\t\t\t\t<\/div>\n\t\t\t\t<\/div>\n\t\t\t\t\t<\/div>\n\t\t\t\t<\/div>\n\t\t<div class=\"elementor-element elementor-element-6b93398d e-flex e-con-boxed e-con e-parent\" data-id=\"6b93398d\" data-element_type=\"container\">\n\t\t\t\t\t<div class=\"e-con-inner\">\n\t\t\t\t<div class=\"elementor-element elementor-element-7f016981 elementor-widget elementor-widget-heading\" data-id=\"7f016981\" data-element_type=\"widget\" data-widget_type=\"heading.default\">\n\t\t\t\t<div class=\"elementor-widget-container\">\n\t\t\t\t\t<h3 class=\"elementor-heading-title elementor-size-default\">Outros projetos<\/h3>\t\t\t\t<\/div>\n\t\t\t\t<\/div>\n\t\t\t\t\t<\/div>\n\t\t\t\t<\/div>\n\t\t<div class=\"elementor-element elementor-element-427c3a67 e-flex e-con-boxed e-con e-parent\" data-id=\"427c3a67\" data-element_type=\"container\">\n\t\t\t\t\t<div class=\"e-con-inner\">\n\t\t<div class=\"elementor-element elementor-element-486afb38 e-con-full e-flex e-con e-child\" data-id=\"486afb38\" data-element_type=\"container\" data-settings=\"{&quot;background_background&quot;:&quot;classic&quot;}\">\n\t\t\t\t<div class=\"elementor-element elementor-element-3d6e35ed elementor-widget elementor-widget-heading\" data-id=\"3d6e35ed\" data-element_type=\"widget\" data-widget_type=\"heading.default\">\n\t\t\t\t<div class=\"elementor-widget-container\">\n\t\t\t\t\t<h2 class=\"elementor-heading-title elementor-size-default\">Trinacria<\/h2>\t\t\t\t<\/div>\n\t\t\t\t<\/div>\n\t\t\t\t<div class=\"elementor-element elementor-element-58df145b elementor-widget elementor-widget-text-editor\" data-id=\"58df145b\" data-element_type=\"widget\" data-widget_type=\"text-editor.default\">\n\t\t\t\t<div class=\"elementor-widget-container\">\n\t\t\t\t\t\t\t\t\t<p>Website | Branding<\/p>\t\t\t\t\t\t\t\t<\/div>\n\t\t\t\t<\/div>\n\t\t\t\t<div class=\"elementor-element elementor-element-546d7bb3 elementor-align-center elementor-invisible elementor-widget elementor-widget-button\" data-id=\"546d7bb3\" data-element_type=\"widget\" data-settings=\"{&quot;_animation&quot;:&quot;fadeIn&quot;}\" data-widget_type=\"button.default\">\n\t\t\t\t<div class=\"elementor-widget-container\">\n\t\t\t\t\t\t\t\t\t<div class=\"elementor-button-wrapper\">\n\t\t\t\t\t<a class=\"elementor-button elementor-button-link elementor-size-sm\" href=\"https:\/\/pomboagency.com\/pt\/trinacria\/\">\n\t\t\t\t\t\t<span class=\"elementor-button-content-wrapper\">\n\t\t\t\t\t\t\t\t\t<span class=\"elementor-button-text\">Ver projeto<\/span>\n\t\t\t\t\t<\/span>\n\t\t\t\t\t<\/a>\n\t\t\t\t<\/div>\n\t\t\t\t\t\t\t\t<\/div>\n\t\t\t\t<\/div>\n\t\t\t\t<\/div>\n\t\t<div class=\"elementor-element elementor-element-509e4e38 e-con-full e-flex e-con e-child\" data-id=\"509e4e38\" data-element_type=\"container\" data-settings=\"{&quot;background_background&quot;:&quot;classic&quot;}\">\n\t\t\t\t<div class=\"elementor-element elementor-element-31bc85c elementor-widget elementor-widget-heading\" data-id=\"31bc85c\" data-element_type=\"widget\" data-widget_type=\"heading.default\">\n\t\t\t\t<div class=\"elementor-widget-container\">\n\t\t\t\t\t<h2 class=\"elementor-heading-title elementor-size-default\">Anjos70 Art &amp; Fleamarket<\/h2>\t\t\t\t<\/div>\n\t\t\t\t<\/div>\n\t\t\t\t<div class=\"elementor-element elementor-element-639f9628 elementor-widget elementor-widget-text-editor\" data-id=\"639f9628\" data-element_type=\"widget\" data-widget_type=\"text-editor.default\">\n\t\t\t\t<div class=\"elementor-widget-container\">\n\t\t\t\t\t\t\t\t\t<p>Marketing automation | Website<\/p>\t\t\t\t\t\t\t\t<\/div>\n\t\t\t\t<\/div>\n\t\t\t\t<div class=\"elementor-element elementor-element-254a5d8e elementor-align-center elementor-invisible elementor-widget elementor-widget-button\" data-id=\"254a5d8e\" data-element_type=\"widget\" data-settings=\"{&quot;_animation&quot;:&quot;fadeIn&quot;}\" data-widget_type=\"button.default\">\n\t\t\t\t<div class=\"elementor-widget-container\">\n\t\t\t\t\t\t\t\t\t<div class=\"elementor-button-wrapper\">\n\t\t\t\t\t<a class=\"elementor-button elementor-button-link elementor-size-sm\" href=\"https:\/\/pomboagency.com\/pt\/anjos70\/\">\n\t\t\t\t\t\t<span class=\"elementor-button-content-wrapper\">\n\t\t\t\t\t\t\t\t\t<span class=\"elementor-button-text\">Ver projeto<\/span>\n\t\t\t\t\t<\/span>\n\t\t\t\t\t<\/a>\n\t\t\t\t<\/div>\n\t\t\t\t\t\t\t\t<\/div>\n\t\t\t\t<\/div>\n\t\t\t\t<\/div>\n\t\t\t\t\t<\/div>\n\t\t\t\t<\/div>\n\t\t\t\t<\/div>","protected":false},"excerpt":{"rendered":"<p>Website | Marketing automation THE REQUEST Artists &amp; Fleas sought to establish a clandestine membership page for sellers, enabling them to reserve spaces for their participation on preferred dates. The page needed to be organized by labels, facilitating seamless transactions and efficient event planning for both sellers and organizers. Only the members who were approved [&hellip;]<\/p>","protected":false},"author":1,"featured_media":0,"parent":0,"menu_order":0,"comment_status":"closed","ping_status":"closed","template":"elementor_header_footer","meta":{"footnotes":""},"class_list":["post-1921","page","type-page","status-publish","hentry"],"_links":{"self":[{"href":"https:\/\/pomboagency.com\/pt\/wp-json\/wp\/v2\/pages\/1921"}],"collection":[{"href":"https:\/\/pomboagency.com\/pt\/wp-json\/wp\/v2\/pages"}],"about":[{"href":"https:\/\/pomboagency.com\/pt\/wp-json\/wp\/v2\/types\/page"}],"author":[{"embeddable":true,"href":"https:\/\/pomboagency.com\/pt\/wp-json\/wp\/v2\/users\/1"}],"replies":[{"embeddable":true,"href":"https:\/\/pomboagency.com\/pt\/wp-json\/wp\/v2\/comments?post=1921"}],"version-history":[{"count":112,"href":"https:\/\/pomboagency.com\/pt\/wp-json\/wp\/v2\/pages\/1921\/revisions"}],"predecessor-version":[{"id":3420,"href":"https:\/\/pomboagency.com\/pt\/wp-json\/wp\/v2\/pages\/1921\/revisions\/3420"}],"wp:attachment":[{"href":"https:\/\/pomboagency.com\/pt\/wp-json\/wp\/v2\/media?parent=1921"}],"curies":[{"name":"wp","href":"https:\/\/api.w.org\/{rel}","templated":true}]}}