{"id":2151,"date":"2024-04-04T17:10:57","date_gmt":"2024-04-04T17:10:57","guid":{"rendered":"https:\/\/pomboagency.com\/?page_id=2151"},"modified":"2024-09-03T15:11:37","modified_gmt":"2024-09-03T15:11:37","slug":"the-whisper-tailor","status":"publish","type":"page","link":"https:\/\/pomboagency.com\/pt\/the-whisper-tailor\/","title":{"rendered":"The Whisper Tailor"},"content":{"rendered":"<div data-elementor-type=\"wp-page\" data-elementor-id=\"2151\" class=\"elementor elementor-2151\" data-elementor-post-type=\"page\">\n\t\t\t\t<div class=\"elementor-element elementor-element-2ec8044f e-flex e-con-boxed e-con e-parent\" data-id=\"2ec8044f\" data-element_type=\"container\" data-settings=\"{&quot;background_background&quot;:&quot;classic&quot;}\">\n\t\t\t\t\t<div class=\"e-con-inner\">\n\t\t\t\t<div class=\"elementor-element elementor-element-30890618 elementor-widget elementor-widget-image\" data-id=\"30890618\" data-element_type=\"widget\" data-widget_type=\"image.default\">\n\t\t\t\t<div class=\"elementor-widget-container\">\n\t\t\t\t\t\t\t\t\t\t\t\t\t\t\t<img fetchpriority=\"high\" decoding=\"async\" width=\"800\" height=\"155\" src=\"https:\/\/pomboagency.com\/wp-content\/uploads\/2024\/04\/logo-the-whisper-tailor-1024x198.png\" class=\"attachment-large size-large wp-image-2140\" alt=\"\" srcset=\"https:\/\/pomboagency.com\/wp-content\/uploads\/2024\/04\/logo-the-whisper-tailor-1024x198.png 1024w, https:\/\/pomboagency.com\/wp-content\/uploads\/2024\/04\/logo-the-whisper-tailor-300x58.png 300w, https:\/\/pomboagency.com\/wp-content\/uploads\/2024\/04\/logo-the-whisper-tailor-768x149.png 768w, https:\/\/pomboagency.com\/wp-content\/uploads\/2024\/04\/logo-the-whisper-tailor.png 1393w\" sizes=\"(max-width: 800px) 100vw, 800px\" \/>\t\t\t\t\t\t\t\t\t\t\t\t\t\t\t<\/div>\n\t\t\t\t<\/div>\n\t\t\t\t<div class=\"elementor-element elementor-element-5ce5624 elementor-widget elementor-widget-text-editor\" data-id=\"5ce5624\" data-element_type=\"widget\" data-widget_type=\"text-editor.default\">\n\t\t\t\t<div class=\"elementor-widget-container\">\n\t\t\t\t\t\t\t\t\t<p>Website<\/p>\t\t\t\t\t\t\t\t<\/div>\n\t\t\t\t<\/div>\n\t\t\t\t\t<\/div>\n\t\t\t\t<\/div>\n\t\t<div class=\"elementor-element elementor-element-3a9602dd e-flex e-con-boxed e-con e-parent\" data-id=\"3a9602dd\" data-element_type=\"container\">\n\t\t\t\t\t<div class=\"e-con-inner\">\n\t\t\t\t<div class=\"elementor-element elementor-element-4fcddcd4 elementor-widget elementor-widget-heading\" data-id=\"4fcddcd4\" data-element_type=\"widget\" data-widget_type=\"heading.default\">\n\t\t\t\t<div class=\"elementor-widget-container\">\n\t\t\t\t\t<h3 class=\"elementor-heading-title elementor-size-default\">O pedido<\/h3>\t\t\t\t<\/div>\n\t\t\t\t<\/div>\n\t\t\t\t<div class=\"elementor-element elementor-element-1e059d1f elementor-widget elementor-widget-text-editor\" data-id=\"1e059d1f\" data-element_type=\"widget\" data-widget_type=\"text-editor.default\">\n\t\t\t\t<div class=\"elementor-widget-container\">\n\t\t\t\t\t\t\t\t\t<p>A The Whisper Tailor procurava um site que resumisse a ess\u00eancia de seu servi\u00e7o: fornecer experi\u00eancias premium exclusivas e secretas com a m\u00e1xima discri\u00e7\u00e3o. O site foi feito para servir como um convite subtil a quem procura luxo feito sob medida em sigilo.<\/p>\t\t\t\t\t\t\t\t<\/div>\n\t\t\t\t<\/div>\n\t\t\t\t\t<\/div>\n\t\t\t\t<\/div>\n\t\t<div class=\"elementor-element elementor-element-67e29913 e-flex e-con-boxed e-con e-parent\" data-id=\"67e29913\" data-element_type=\"container\" data-settings=\"{&quot;background_background&quot;:&quot;classic&quot;}\">\n\t\t\t\t\t<div class=\"e-con-inner\">\n\t\t\t\t<div class=\"elementor-element elementor-element-5de220d0 elementor-widget elementor-widget-image\" data-id=\"5de220d0\" data-element_type=\"widget\" data-widget_type=\"image.default\">\n\t\t\t\t<div class=\"elementor-widget-container\">\n\t\t\t\t\t\t\t\t\t\t\t\t\t\t\t<img decoding=\"async\" width=\"800\" height=\"534\" src=\"https:\/\/pomboagency.com\/wp-content\/uploads\/2024\/05\/pc-whisper-ezgif.com-png-to-webp-converter-1024x683.webp\" class=\"attachment-large size-large wp-image-2811\" alt=\"\" srcset=\"https:\/\/pomboagency.com\/wp-content\/uploads\/2024\/05\/pc-whisper-ezgif.com-png-to-webp-converter-1024x683.webp 1024w, https:\/\/pomboagency.com\/wp-content\/uploads\/2024\/05\/pc-whisper-ezgif.com-png-to-webp-converter-300x200.webp 300w, https:\/\/pomboagency.com\/wp-content\/uploads\/2024\/05\/pc-whisper-ezgif.com-png-to-webp-converter-768x512.webp 768w, https:\/\/pomboagency.com\/wp-content\/uploads\/2024\/05\/pc-whisper-ezgif.com-png-to-webp-converter-1536x1024.webp 1536w, https:\/\/pomboagency.com\/wp-content\/uploads\/2024\/05\/pc-whisper-ezgif.com-png-to-webp-converter-2048x1365.webp 2048w, https:\/\/pomboagency.com\/wp-content\/uploads\/2024\/05\/pc-whisper-ezgif.com-png-to-webp-converter-18x12.webp 18w\" sizes=\"(max-width: 800px) 100vw, 800px\" \/>\t\t\t\t\t\t\t\t\t\t\t\t\t\t\t<\/div>\n\t\t\t\t<\/div>\n\t\t\t\t\t<\/div>\n\t\t\t\t<\/div>\n\t\t<div class=\"elementor-element elementor-element-1a86656d e-flex e-con-boxed e-con e-parent\" data-id=\"1a86656d\" data-element_type=\"container\" data-settings=\"{&quot;background_background&quot;:&quot;classic&quot;,&quot;background_motion_fx_motion_fx_mouse&quot;:&quot;yes&quot;}\">\n\t\t\t\t\t<div class=\"e-con-inner\">\n\t\t\t\t\t<\/div>\n\t\t\t\t<\/div>\n\t\t<div class=\"elementor-element elementor-element-771ec0cc e-flex e-con-boxed e-con e-parent\" data-id=\"771ec0cc\" data-element_type=\"container\">\n\t\t\t\t\t<div class=\"e-con-inner\">\n\t\t\t\t<div class=\"elementor-element elementor-element-3f3bdf69 elementor-widget elementor-widget-image\" data-id=\"3f3bdf69\" data-element_type=\"widget\" data-widget_type=\"image.default\">\n\t\t\t\t<div class=\"elementor-widget-container\">\n\t\t\t\t\t\t\t\t\t\t\t\t\t\t\t<img decoding=\"async\" width=\"591\" height=\"2560\" src=\"https:\/\/pomboagency.com\/wp-content\/uploads\/2024\/05\/Artboard1-ezgif.com-png-to-webp-converter-scaled.webp\" class=\"attachment-full size-full wp-image-2816\" alt=\"\" srcset=\"https:\/\/pomboagency.com\/wp-content\/uploads\/2024\/05\/Artboard1-ezgif.com-png-to-webp-converter-scaled.webp 591w, https:\/\/pomboagency.com\/wp-content\/uploads\/2024\/05\/Artboard1-ezgif.com-png-to-webp-converter-69x300.webp 69w, https:\/\/pomboagency.com\/wp-content\/uploads\/2024\/05\/Artboard1-ezgif.com-png-to-webp-converter-768x3328.webp 768w, https:\/\/pomboagency.com\/wp-content\/uploads\/2024\/05\/Artboard1-ezgif.com-png-to-webp-converter-473x2048.webp 473w, https:\/\/pomboagency.com\/wp-content\/uploads\/2024\/05\/Artboard1-ezgif.com-png-to-webp-converter-3x12.webp 3w\" sizes=\"(max-width: 591px) 100vw, 591px\" \/>\t\t\t\t\t\t\t\t\t\t\t\t\t\t\t<\/div>\n\t\t\t\t<\/div>\n\t\t\t\t\t<\/div>\n\t\t\t\t<\/div>\n\t\t<div class=\"elementor-element elementor-element-321ed24e e-flex e-con-boxed e-con e-parent\" data-id=\"321ed24e\" data-element_type=\"container\" data-settings=\"{&quot;background_background&quot;:&quot;classic&quot;,&quot;background_motion_fx_motion_fx_mouse&quot;:&quot;yes&quot;}\">\n\t\t\t\t\t<div class=\"e-con-inner\">\n\t\t\t\t\t<\/div>\n\t\t\t\t<\/div>\n\t\t<div class=\"elementor-element elementor-element-7402c4c7 e-flex e-con-boxed e-con e-parent\" data-id=\"7402c4c7\" data-element_type=\"container\">\n\t\t\t\t\t<div class=\"e-con-inner\">\n\t\t\t\t<div class=\"elementor-element elementor-element-2fc7a753 elementor-widget elementor-widget-heading\" data-id=\"2fc7a753\" data-element_type=\"widget\" data-widget_type=\"heading.default\">\n\t\t\t\t<div class=\"elementor-widget-container\">\n\t\t\t\t\t<h2 class=\"elementor-heading-title elementor-size-default\">O projeto desenvolvido com a The Whisper Tailor destaca o nosso compromisso em criar espa\u00e7os digitais que representem luxo e secretismo<\/h2>\t\t\t\t<\/div>\n\t\t\t\t<\/div>\n\t\t\t\t<div class=\"elementor-element elementor-element-50bd5a21 elementor-align-center elementor-invisible elementor-widget elementor-widget-button\" data-id=\"50bd5a21\" data-element_type=\"widget\" data-settings=\"{&quot;_animation&quot;:&quot;fadeIn&quot;}\" data-widget_type=\"button.default\">\n\t\t\t\t<div class=\"elementor-widget-container\">\n\t\t\t\t\t\t\t\t\t<div class=\"elementor-button-wrapper\">\n\t\t\t\t\t<a class=\"elementor-button elementor-button-link elementor-size-sm\" href=\"https:\/\/pomboagency.com\/pt\/contatos\/\">\n\t\t\t\t\t\t<span class=\"elementor-button-content-wrapper\">\n\t\t\t\t\t\t\t\t\t<span class=\"elementor-button-text\">Entra em contacto connosco<\/span>\n\t\t\t\t\t<\/span>\n\t\t\t\t\t<\/a>\n\t\t\t\t<\/div>\n\t\t\t\t\t\t\t\t<\/div>\n\t\t\t\t<\/div>\n\t\t\t\t\t<\/div>\n\t\t\t\t<\/div>\n\t\t<div class=\"elementor-element elementor-element-75dcc678 e-flex e-con-boxed e-con e-parent\" data-id=\"75dcc678\" data-element_type=\"container\">\n\t\t\t\t\t<div class=\"e-con-inner\">\n\t\t\t\t<div class=\"elementor-element elementor-element-781aa8ae elementor-widget elementor-widget-heading\" data-id=\"781aa8ae\" data-element_type=\"widget\" data-widget_type=\"heading.default\">\n\t\t\t\t<div class=\"elementor-widget-container\">\n\t\t\t\t\t<h3 class=\"elementor-heading-title elementor-size-default\">Outros projetos<\/h3>\t\t\t\t<\/div>\n\t\t\t\t<\/div>\n\t\t\t\t\t<\/div>\n\t\t\t\t<\/div>\n\t\t<div class=\"elementor-element elementor-element-7b4d26fb e-flex e-con-boxed e-con e-parent\" data-id=\"7b4d26fb\" data-element_type=\"container\">\n\t\t\t\t\t<div class=\"e-con-inner\">\n\t\t<div class=\"elementor-element elementor-element-7a758f20 e-con-full e-flex e-con e-child\" data-id=\"7a758f20\" data-element_type=\"container\" data-settings=\"{&quot;background_background&quot;:&quot;classic&quot;}\">\n\t\t\t\t<div class=\"elementor-element elementor-element-68170d7f elementor-widget elementor-widget-heading\" data-id=\"68170d7f\" data-element_type=\"widget\" data-widget_type=\"heading.default\">\n\t\t\t\t<div class=\"elementor-widget-container\">\n\t\t\t\t\t<h2 class=\"elementor-heading-title elementor-size-default\">Zarph<\/h2>\t\t\t\t<\/div>\n\t\t\t\t<\/div>\n\t\t\t\t<div class=\"elementor-element elementor-element-4dc78601 elementor-widget elementor-widget-text-editor\" data-id=\"4dc78601\" data-element_type=\"widget\" data-widget_type=\"text-editor.default\">\n\t\t\t\t<div class=\"elementor-widget-container\">\n\t\t\t\t\t\t\t\t\t<p>Website| Email marketing | Redes sociais | An\u00fancios de redes sociais<\/p>\t\t\t\t\t\t\t\t<\/div>\n\t\t\t\t<\/div>\n\t\t\t\t<div class=\"elementor-element elementor-element-74e1defd elementor-align-center elementor-invisible elementor-widget elementor-widget-button\" data-id=\"74e1defd\" data-element_type=\"widget\" data-settings=\"{&quot;_animation&quot;:&quot;fadeIn&quot;}\" data-widget_type=\"button.default\">\n\t\t\t\t<div class=\"elementor-widget-container\">\n\t\t\t\t\t\t\t\t\t<div class=\"elementor-button-wrapper\">\n\t\t\t\t\t<a class=\"elementor-button elementor-button-link elementor-size-sm\" href=\"https:\/\/pomboagency.com\/pt\/zarph\/\">\n\t\t\t\t\t\t<span class=\"elementor-button-content-wrapper\">\n\t\t\t\t\t\t\t\t\t<span class=\"elementor-button-text\">Ver projeto<\/span>\n\t\t\t\t\t<\/span>\n\t\t\t\t\t<\/a>\n\t\t\t\t<\/div>\n\t\t\t\t\t\t\t\t<\/div>\n\t\t\t\t<\/div>\n\t\t\t\t<\/div>\n\t\t<div class=\"elementor-element elementor-element-30a36f5 e-con-full e-flex e-con e-child\" data-id=\"30a36f5\" data-element_type=\"container\" data-settings=\"{&quot;background_background&quot;:&quot;classic&quot;}\">\n\t\t\t\t<div class=\"elementor-element elementor-element-7a0fc9d elementor-widget elementor-widget-heading\" data-id=\"7a0fc9d\" data-element_type=\"widget\" data-widget_type=\"heading.default\">\n\t\t\t\t<div class=\"elementor-widget-container\">\n\t\t\t\t\t<h2 class=\"elementor-heading-title elementor-size-default\">Trinacria<\/h2>\t\t\t\t<\/div>\n\t\t\t\t<\/div>\n\t\t\t\t<div class=\"elementor-element elementor-element-659d885 elementor-widget elementor-widget-text-editor\" data-id=\"659d885\" data-element_type=\"widget\" data-widget_type=\"text-editor.default\">\n\t\t\t\t<div class=\"elementor-widget-container\">\n\t\t\t\t\t\t\t\t\t<p>Website | Branding<\/p>\t\t\t\t\t\t\t\t<\/div>\n\t\t\t\t<\/div>\n\t\t\t\t<div class=\"elementor-element elementor-element-6ccc96e elementor-align-center elementor-widget elementor-widget-button\" data-id=\"6ccc96e\" data-element_type=\"widget\" data-widget_type=\"button.default\">\n\t\t\t\t<div class=\"elementor-widget-container\">\n\t\t\t\t\t\t\t\t\t<div class=\"elementor-button-wrapper\">\n\t\t\t\t\t<a class=\"elementor-button elementor-button-link elementor-size-sm\" href=\"https:\/\/pomboagency.com\/pt\/trinacria\/\">\n\t\t\t\t\t\t<span class=\"elementor-button-content-wrapper\">\n\t\t\t\t\t\t\t\t\t<span class=\"elementor-button-text\">Ver projeto<\/span>\n\t\t\t\t\t<\/span>\n\t\t\t\t\t<\/a>\n\t\t\t\t<\/div>\n\t\t\t\t\t\t\t\t<\/div>\n\t\t\t\t<\/div>\n\t\t\t\t<\/div>\n\t\t\t\t\t<\/div>\n\t\t\t\t<\/div>\n\t\t\t\t<\/div>","protected":false},"excerpt":{"rendered":"<p>Website THE REQUEST The Whisper Tailor has approached us to design a website that encapsulates the essence of their service: providing exclusive, secret premium experiences with the utmost discretion. The website was made to serve as a subtle invitation to those who seek luxury tailored in secrecy. The Whisper Tailor project highlights our commitment to [&hellip;]<\/p>","protected":false},"author":1,"featured_media":0,"parent":0,"menu_order":0,"comment_status":"closed","ping_status":"closed","template":"elementor_header_footer","meta":{"footnotes":""},"class_list":["post-2151","page","type-page","status-publish","hentry"],"_links":{"self":[{"href":"https:\/\/pomboagency.com\/pt\/wp-json\/wp\/v2\/pages\/2151"}],"collection":[{"href":"https:\/\/pomboagency.com\/pt\/wp-json\/wp\/v2\/pages"}],"about":[{"href":"https:\/\/pomboagency.com\/pt\/wp-json\/wp\/v2\/types\/page"}],"author":[{"embeddable":true,"href":"https:\/\/pomboagency.com\/pt\/wp-json\/wp\/v2\/users\/1"}],"replies":[{"embeddable":true,"href":"https:\/\/pomboagency.com\/pt\/wp-json\/wp\/v2\/comments?post=2151"}],"version-history":[{"count":112,"href":"https:\/\/pomboagency.com\/pt\/wp-json\/wp\/v2\/pages\/2151\/revisions"}],"predecessor-version":[{"id":3432,"href":"https:\/\/pomboagency.com\/pt\/wp-json\/wp\/v2\/pages\/2151\/revisions\/3432"}],"wp:attachment":[{"href":"https:\/\/pomboagency.com\/pt\/wp-json\/wp\/v2\/media?parent=2151"}],"curies":[{"name":"wp","href":"https:\/\/api.w.org\/{rel}","templated":true}]}}