{"id":2384,"date":"2024-05-10T16:59:39","date_gmt":"2024-05-10T16:59:39","guid":{"rendered":"https:\/\/pomboagency.com\/?page_id=2384"},"modified":"2024-09-03T15:05:48","modified_gmt":"2024-09-03T15:05:48","slug":"maria-dos-caes","status":"publish","type":"page","link":"https:\/\/pomboagency.com\/pt\/maria-dos-caes\/","title":{"rendered":"Maria dos c\u00e3es"},"content":{"rendered":"<div data-elementor-type=\"wp-page\" data-elementor-id=\"2384\" class=\"elementor elementor-2384\" data-elementor-post-type=\"page\">\n\t\t\t\t<div class=\"elementor-element elementor-element-91b804f e-flex e-con-boxed e-con e-parent\" data-id=\"91b804f\" data-element_type=\"container\" data-settings=\"{&quot;background_background&quot;:&quot;classic&quot;}\">\n\t\t\t\t\t<div class=\"e-con-inner\">\n\t\t\t\t<div class=\"elementor-element elementor-element-9dbf309 elementor-widget elementor-widget-image\" data-id=\"9dbf309\" data-element_type=\"widget\" data-widget_type=\"image.default\">\n\t\t\t\t<div class=\"elementor-widget-container\">\n\t\t\t\t\t\t\t\t\t\t\t\t\t\t\t<img fetchpriority=\"high\" decoding=\"async\" width=\"673\" height=\"420\" src=\"https:\/\/pomboagency.com\/wp-content\/uploads\/2024\/02\/logo-maria-dos-caes.png\" class=\"attachment-large size-large wp-image-1695\" alt=\"\" srcset=\"https:\/\/pomboagency.com\/wp-content\/uploads\/2024\/02\/logo-maria-dos-caes.png 673w, https:\/\/pomboagency.com\/wp-content\/uploads\/2024\/02\/logo-maria-dos-caes-300x187.png 300w\" sizes=\"(max-width: 673px) 100vw, 673px\" \/>\t\t\t\t\t\t\t\t\t\t\t\t\t\t\t<\/div>\n\t\t\t\t<\/div>\n\t\t\t\t<div class=\"elementor-element elementor-element-ebf5f78 elementor-widget elementor-widget-text-editor\" data-id=\"ebf5f78\" data-element_type=\"widget\" data-widget_type=\"text-editor.default\">\n\t\t\t\t<div class=\"elementor-widget-container\">\n\t\t\t\t\t\t\t\t\t<p>Website | UX\/UI | Dom\u00ednio | Alojamento<\/p>\t\t\t\t\t\t\t\t<\/div>\n\t\t\t\t<\/div>\n\t\t\t\t\t<\/div>\n\t\t\t\t<\/div>\n\t\t<div class=\"elementor-element elementor-element-fc655cd e-flex e-con-boxed e-con e-parent\" data-id=\"fc655cd\" data-element_type=\"container\">\n\t\t\t\t\t<div class=\"e-con-inner\">\n\t\t\t\t<div class=\"elementor-element elementor-element-b05d126 elementor-widget elementor-widget-heading\" data-id=\"b05d126\" data-element_type=\"widget\" data-widget_type=\"heading.default\">\n\t\t\t\t<div class=\"elementor-widget-container\">\n\t\t\t\t\t<h3 class=\"elementor-heading-title elementor-size-default\">O pedido<\/h3>\t\t\t\t<\/div>\n\t\t\t\t<\/div>\n\t\t\t\t<div class=\"elementor-element elementor-element-2802ebf elementor-widget elementor-widget-text-editor\" data-id=\"2802ebf\" data-element_type=\"widget\" data-widget_type=\"text-editor.default\">\n\t\t\t\t<div class=\"elementor-widget-container\">\n\t\t\t\t\t\t\t\t\t<p>Maria dos C\u00e3es, um hotel dedicado a c\u00e3es, contratou-nos para desenhar o site, de forma a melhorar a sua presen\u00e7a online e a experi\u00eancia do utilizador. Cri\u00e1mos uma plataforma com cores vibrantes e f\u00e1cil de usar que serve de montra para apresentar os seus servi\u00e7os e a paix\u00e3o pelo cuidado canino.<\/p>\t\t\t\t\t\t\t\t<\/div>\n\t\t\t\t<\/div>\n\t\t\t\t\t<\/div>\n\t\t\t\t<\/div>\n\t\t<div class=\"elementor-element elementor-element-3b543ad e-flex e-con-boxed e-con e-parent\" data-id=\"3b543ad\" data-element_type=\"container\" data-settings=\"{&quot;background_background&quot;:&quot;classic&quot;}\">\n\t\t\t\t\t<div class=\"e-con-inner\">\n\t\t\t\t<div class=\"elementor-element elementor-element-06deff8 elementor-widget elementor-widget-image\" data-id=\"06deff8\" data-element_type=\"widget\" data-widget_type=\"image.default\">\n\t\t\t\t<div class=\"elementor-widget-container\">\n\t\t\t\t\t\t\t\t\t\t\t\t\t\t\t<img decoding=\"async\" width=\"800\" height=\"534\" src=\"https:\/\/pomboagency.com\/wp-content\/uploads\/2024\/05\/31-1-1024x683.webp\" class=\"attachment-large size-large wp-image-2523\" alt=\"\" srcset=\"https:\/\/pomboagency.com\/wp-content\/uploads\/2024\/05\/31-1-1024x683.webp 1024w, https:\/\/pomboagency.com\/wp-content\/uploads\/2024\/05\/31-1-300x200.webp 300w, https:\/\/pomboagency.com\/wp-content\/uploads\/2024\/05\/31-1-768x512.webp 768w, https:\/\/pomboagency.com\/wp-content\/uploads\/2024\/05\/31-1-1536x1024.webp 1536w, https:\/\/pomboagency.com\/wp-content\/uploads\/2024\/05\/31-1-2048x1365.webp 2048w, https:\/\/pomboagency.com\/wp-content\/uploads\/2024\/05\/31-1-18x12.webp 18w\" sizes=\"(max-width: 800px) 100vw, 800px\" \/>\t\t\t\t\t\t\t\t\t\t\t\t\t\t\t<\/div>\n\t\t\t\t<\/div>\n\t\t\t\t\t<\/div>\n\t\t\t\t<\/div>\n\t\t<div class=\"elementor-element elementor-element-f89002b e-flex e-con-boxed e-con e-parent\" data-id=\"f89002b\" data-element_type=\"container\" data-settings=\"{&quot;background_background&quot;:&quot;classic&quot;,&quot;background_motion_fx_motion_fx_mouse&quot;:&quot;yes&quot;}\">\n\t\t\t\t\t<div class=\"e-con-inner\">\n\t\t\t\t\t<\/div>\n\t\t\t\t<\/div>\n\t\t<div class=\"elementor-element elementor-element-de0c3c7 e-flex e-con-boxed e-con e-parent\" data-id=\"de0c3c7\" data-element_type=\"container\">\n\t\t\t\t\t<div class=\"e-con-inner\">\n\t\t\t\t<div class=\"elementor-element elementor-element-00c006e elementor-widget elementor-widget-image\" data-id=\"00c006e\" data-element_type=\"widget\" data-widget_type=\"image.default\">\n\t\t\t\t<div class=\"elementor-widget-container\">\n\t\t\t\t\t\t\t\t\t\t\t\t\t\t\t<img decoding=\"async\" width=\"503\" height=\"2560\" src=\"https:\/\/pomboagency.com\/wp-content\/uploads\/2024\/05\/mm-scaled.webp\" class=\"attachment-full size-full wp-image-2516\" alt=\"\" srcset=\"https:\/\/pomboagency.com\/wp-content\/uploads\/2024\/05\/mm-scaled.webp 503w, https:\/\/pomboagency.com\/wp-content\/uploads\/2024\/05\/mm-59x300.webp 59w, https:\/\/pomboagency.com\/wp-content\/uploads\/2024\/05\/mm-201x1024.webp 201w, https:\/\/pomboagency.com\/wp-content\/uploads\/2024\/05\/mm-302x1536.webp 302w\" sizes=\"(max-width: 503px) 100vw, 503px\" \/>\t\t\t\t\t\t\t\t\t\t\t\t\t\t\t<\/div>\n\t\t\t\t<\/div>\n\t\t\t\t\t<\/div>\n\t\t\t\t<\/div>\n\t\t<div class=\"elementor-element elementor-element-7f7bfdb e-flex e-con-boxed e-con e-parent\" data-id=\"7f7bfdb\" data-element_type=\"container\" data-settings=\"{&quot;background_background&quot;:&quot;classic&quot;,&quot;background_motion_fx_motion_fx_mouse&quot;:&quot;yes&quot;}\">\n\t\t\t\t\t<div class=\"e-con-inner\">\n\t\t\t\t\t<\/div>\n\t\t\t\t<\/div>\n\t\t<div class=\"elementor-element elementor-element-a575437 e-flex e-con-boxed e-con e-parent\" data-id=\"a575437\" data-element_type=\"container\" data-settings=\"{&quot;background_background&quot;:&quot;classic&quot;}\">\n\t\t\t\t\t<div class=\"e-con-inner\">\n\t\t\t\t\t<\/div>\n\t\t\t\t<\/div>\n\t\t<div class=\"elementor-element elementor-element-610ac47 e-flex e-con-boxed e-con e-parent\" data-id=\"610ac47\" data-element_type=\"container\" data-settings=\"{&quot;background_background&quot;:&quot;classic&quot;}\">\n\t\t\t\t\t<div class=\"e-con-inner\">\n\t\t\t\t<div class=\"elementor-element elementor-element-bee38fd elementor-widget elementor-widget-heading\" data-id=\"bee38fd\" data-element_type=\"widget\" data-widget_type=\"heading.default\">\n\t\t\t\t<div class=\"elementor-widget-container\">\n\t\t\t\t\t<h2 class=\"elementor-heading-title elementor-size-default\">Este projeto destaca o nosso compromisso em oferecer solu\u00e7\u00f5es digitais personalizadas<\/h2>\t\t\t\t<\/div>\n\t\t\t\t<\/div>\n\t\t\t\t<div class=\"elementor-element elementor-element-87977ab elementor-align-center elementor-widget elementor-widget-button\" data-id=\"87977ab\" data-element_type=\"widget\" data-widget_type=\"button.default\">\n\t\t\t\t<div class=\"elementor-widget-container\">\n\t\t\t\t\t\t\t\t\t<div class=\"elementor-button-wrapper\">\n\t\t\t\t\t<a class=\"elementor-button elementor-button-link elementor-size-sm\" href=\"tel: 351942145546\">\n\t\t\t\t\t\t<span class=\"elementor-button-content-wrapper\">\n\t\t\t\t\t\t\t\t\t<span class=\"elementor-button-text\">Entra em contacto connosco<\/span>\n\t\t\t\t\t<\/span>\n\t\t\t\t\t<\/a>\n\t\t\t\t<\/div>\n\t\t\t\t\t\t\t\t<\/div>\n\t\t\t\t<\/div>\n\t\t\t\t\t<\/div>\n\t\t\t\t<\/div>\n\t\t<div class=\"elementor-element elementor-element-38141a8 e-flex e-con-boxed e-con e-parent\" data-id=\"38141a8\" data-element_type=\"container\">\n\t\t\t\t\t<div class=\"e-con-inner\">\n\t\t\t\t<div class=\"elementor-element elementor-element-276464c elementor-widget elementor-widget-heading\" data-id=\"276464c\" data-element_type=\"widget\" data-widget_type=\"heading.default\">\n\t\t\t\t<div class=\"elementor-widget-container\">\n\t\t\t\t\t<h3 class=\"elementor-heading-title elementor-size-default\">Outros projetos<\/h3>\t\t\t\t<\/div>\n\t\t\t\t<\/div>\n\t\t\t\t\t<\/div>\n\t\t\t\t<\/div>\n\t\t<div class=\"elementor-element elementor-element-a535185 e-flex e-con-boxed e-con e-parent\" data-id=\"a535185\" data-element_type=\"container\">\n\t\t\t\t\t<div class=\"e-con-inner\">\n\t\t<div class=\"elementor-element elementor-element-dc1ea63 e-con-full e-flex e-con e-child\" data-id=\"dc1ea63\" data-element_type=\"container\" data-settings=\"{&quot;background_background&quot;:&quot;classic&quot;}\">\n\t\t\t\t<div class=\"elementor-element elementor-element-0f97dae elementor-widget elementor-widget-heading\" data-id=\"0f97dae\" data-element_type=\"widget\" data-widget_type=\"heading.default\">\n\t\t\t\t<div class=\"elementor-widget-container\">\n\t\t\t\t\t<h2 class=\"elementor-heading-title elementor-size-default\">Brandz<\/h2>\t\t\t\t<\/div>\n\t\t\t\t<\/div>\n\t\t\t\t<div class=\"elementor-element elementor-element-73cee14 elementor-widget elementor-widget-text-editor\" data-id=\"73cee14\" data-element_type=\"widget\" data-widget_type=\"text-editor.default\">\n\t\t\t\t<div class=\"elementor-widget-container\">\n\t\t\t\t\t\t\t\t\t<p>Website | Email marketing | Marketing automation | Redes sociais | An\u00fancios de redes sociais<\/p>\t\t\t\t\t\t\t\t<\/div>\n\t\t\t\t<\/div>\n\t\t\t\t<div class=\"elementor-element elementor-element-2da512a elementor-align-center elementor-invisible elementor-widget elementor-widget-button\" data-id=\"2da512a\" data-element_type=\"widget\" data-settings=\"{&quot;_animation&quot;:&quot;fadeIn&quot;}\" data-widget_type=\"button.default\">\n\t\t\t\t<div class=\"elementor-widget-container\">\n\t\t\t\t\t\t\t\t\t<div class=\"elementor-button-wrapper\">\n\t\t\t\t\t<a class=\"elementor-button elementor-button-link elementor-size-sm\" href=\"https:\/\/pomboagency.com\/pt\/brandz-store\/\">\n\t\t\t\t\t\t<span class=\"elementor-button-content-wrapper\">\n\t\t\t\t\t\t\t\t\t<span class=\"elementor-button-text\">Ver projeto<\/span>\n\t\t\t\t\t<\/span>\n\t\t\t\t\t<\/a>\n\t\t\t\t<\/div>\n\t\t\t\t\t\t\t\t<\/div>\n\t\t\t\t<\/div>\n\t\t\t\t<\/div>\n\t\t<div class=\"elementor-element elementor-element-16b2aa9 e-con-full e-flex e-con e-child\" data-id=\"16b2aa9\" data-element_type=\"container\" data-settings=\"{&quot;background_background&quot;:&quot;classic&quot;}\">\n\t\t\t\t<div class=\"elementor-element elementor-element-739e3e9 elementor-widget elementor-widget-heading\" data-id=\"739e3e9\" data-element_type=\"widget\" data-widget_type=\"heading.default\">\n\t\t\t\t<div class=\"elementor-widget-container\">\n\t\t\t\t\t<h2 class=\"elementor-heading-title elementor-size-default\">M\u00f4\u00e7es<\/h2>\t\t\t\t<\/div>\n\t\t\t\t<\/div>\n\t\t\t\t<div class=\"elementor-element elementor-element-3b27eeb elementor-widget elementor-widget-text-editor\" data-id=\"3b27eeb\" data-element_type=\"widget\" data-widget_type=\"text-editor.default\">\n\t\t\t\t<div class=\"elementor-widget-container\">\n\t\t\t\t\t\t\t\t\t<p>Marketing automation | Website<\/p>\t\t\t\t\t\t\t\t<\/div>\n\t\t\t\t<\/div>\n\t\t\t\t<div class=\"elementor-element elementor-element-f7bdc57 elementor-align-center elementor-invisible elementor-widget elementor-widget-button\" data-id=\"f7bdc57\" data-element_type=\"widget\" data-settings=\"{&quot;_animation&quot;:&quot;fadeIn&quot;}\" data-widget_type=\"button.default\">\n\t\t\t\t<div class=\"elementor-widget-container\">\n\t\t\t\t\t\t\t\t\t<div class=\"elementor-button-wrapper\">\n\t\t\t\t\t<a class=\"elementor-button elementor-button-link elementor-size-sm\" href=\"https:\/\/pomboagency.com\/pt\/moces\/\">\n\t\t\t\t\t\t<span class=\"elementor-button-content-wrapper\">\n\t\t\t\t\t\t\t\t\t<span class=\"elementor-button-text\">Ver projeto<\/span>\n\t\t\t\t\t<\/span>\n\t\t\t\t\t<\/a>\n\t\t\t\t<\/div>\n\t\t\t\t\t\t\t\t<\/div>\n\t\t\t\t<\/div>\n\t\t\t\t<\/div>\n\t\t\t\t\t<\/div>\n\t\t\t\t<\/div>\n\t\t\t\t<\/div>","protected":false},"excerpt":{"rendered":"<p>Website | UX\/UI | Domain | Hosting THE REQUEST Maria dos C\u00e3es, a dedicated dog hotel, commissioned us to design their website, enhancing their online presence and user experience. We crafted a vibrant, user-friendly platform that showcases their services and passion for canine care. This project highlights our commitment to delivering tailored digital solutions Let&#8217;s [&hellip;]<\/p>","protected":false},"author":1,"featured_media":0,"parent":0,"menu_order":0,"comment_status":"closed","ping_status":"closed","template":"elementor_header_footer","meta":{"footnotes":""},"class_list":["post-2384","page","type-page","status-publish","hentry"],"_links":{"self":[{"href":"https:\/\/pomboagency.com\/pt\/wp-json\/wp\/v2\/pages\/2384"}],"collection":[{"href":"https:\/\/pomboagency.com\/pt\/wp-json\/wp\/v2\/pages"}],"about":[{"href":"https:\/\/pomboagency.com\/pt\/wp-json\/wp\/v2\/types\/page"}],"author":[{"embeddable":true,"href":"https:\/\/pomboagency.com\/pt\/wp-json\/wp\/v2\/users\/1"}],"replies":[{"embeddable":true,"href":"https:\/\/pomboagency.com\/pt\/wp-json\/wp\/v2\/comments?post=2384"}],"version-history":[{"count":207,"href":"https:\/\/pomboagency.com\/pt\/wp-json\/wp\/v2\/pages\/2384\/revisions"}],"predecessor-version":[{"id":3417,"href":"https:\/\/pomboagency.com\/pt\/wp-json\/wp\/v2\/pages\/2384\/revisions\/3417"}],"wp:attachment":[{"href":"https:\/\/pomboagency.com\/pt\/wp-json\/wp\/v2\/media?parent=2384"}],"curies":[{"name":"wp","href":"https:\/\/api.w.org\/{rel}","templated":true}]}}