{"id":3439,"date":"2024-09-04T22:02:34","date_gmt":"2024-09-04T22:02:34","guid":{"rendered":"https:\/\/pomboagency.com\/?page_id=3439"},"modified":"2024-09-11T11:07:33","modified_gmt":"2024-09-11T11:07:33","slug":"trash4goods","status":"publish","type":"page","link":"https:\/\/pomboagency.com\/pt\/trash4goods\/","title":{"rendered":"Trash4Goods"},"content":{"rendered":"<div data-elementor-type=\"wp-page\" data-elementor-id=\"3439\" class=\"elementor elementor-3439\" data-elementor-post-type=\"page\">\n\t\t\t\t<div class=\"elementor-element elementor-element-1c35fefa e-flex e-con-boxed e-con e-parent\" data-id=\"1c35fefa\" data-element_type=\"container\" data-settings=\"{&quot;background_background&quot;:&quot;classic&quot;}\">\n\t\t\t\t\t<div class=\"e-con-inner\">\n\t\t\t\t<div class=\"elementor-element elementor-element-8ecbffd elementor-widget elementor-widget-image\" data-id=\"8ecbffd\" data-element_type=\"widget\" data-widget_type=\"image.default\">\n\t\t\t\t<div class=\"elementor-widget-container\">\n\t\t\t\t\t\t\t\t\t\t\t\t\t\t\t<img fetchpriority=\"high\" decoding=\"async\" width=\"800\" height=\"191\" src=\"https:\/\/pomboagency.com\/wp-content\/uploads\/2024\/09\/Copia-de-LogoHorizontal_Branco_Transparente-1024x244.png\" class=\"attachment-large size-large wp-image-3463\" alt=\"\" srcset=\"https:\/\/pomboagency.com\/wp-content\/uploads\/2024\/09\/Copia-de-LogoHorizontal_Branco_Transparente-1024x244.png 1024w, https:\/\/pomboagency.com\/wp-content\/uploads\/2024\/09\/Copia-de-LogoHorizontal_Branco_Transparente-300x72.png 300w, https:\/\/pomboagency.com\/wp-content\/uploads\/2024\/09\/Copia-de-LogoHorizontal_Branco_Transparente-768x183.png 768w, https:\/\/pomboagency.com\/wp-content\/uploads\/2024\/09\/Copia-de-LogoHorizontal_Branco_Transparente-18x4.png 18w, https:\/\/pomboagency.com\/wp-content\/uploads\/2024\/09\/Copia-de-LogoHorizontal_Branco_Transparente.png 1156w\" sizes=\"(max-width: 800px) 100vw, 800px\" \/>\t\t\t\t\t\t\t\t\t\t\t\t\t\t\t<\/div>\n\t\t\t\t<\/div>\n\t\t\t\t<div class=\"elementor-element elementor-element-08373b0 elementor-widget elementor-widget-text-editor\" data-id=\"08373b0\" data-element_type=\"widget\" data-widget_type=\"text-editor.default\">\n\t\t\t\t<div class=\"elementor-widget-container\">\n\t\t\t\t\t\t\t\t\t<p>Social media<\/p>\t\t\t\t\t\t\t\t<\/div>\n\t\t\t\t<\/div>\n\t\t\t\t\t<\/div>\n\t\t\t\t<\/div>\n\t\t<div class=\"elementor-element elementor-element-161daccf e-flex e-con-boxed e-con e-parent\" data-id=\"161daccf\" data-element_type=\"container\">\n\t\t\t\t\t<div class=\"e-con-inner\">\n\t\t\t\t<div class=\"elementor-element elementor-element-66c1158b elementor-widget elementor-widget-heading\" data-id=\"66c1158b\" data-element_type=\"widget\" data-widget_type=\"heading.default\">\n\t\t\t\t<div class=\"elementor-widget-container\">\n\t\t\t\t\t<h2 class=\"elementor-heading-title elementor-size-default\">O pedido<\/h2>\t\t\t\t<\/div>\n\t\t\t\t<\/div>\n\t\t\t\t<div class=\"elementor-element elementor-element-1bfad26c elementor-widget elementor-widget-text-editor\" data-id=\"1bfad26c\" data-element_type=\"widget\" data-widget_type=\"text-editor.default\">\n\t\t\t\t<div class=\"elementor-widget-container\">\n\t\t\t\t\t\t\t\t\t<p>A Trash4Goods procurou expandir a sua base de utilizadores, refor\u00e7ando a sua presen\u00e7a nas redes sociais. Necessitavam de apoio estrat\u00e9gico para otimizar os seus conte\u00fados, aumentar o envolvimento e atrair mais utilizadores para a plataforma.<\/p>\t\t\t\t\t\t\t\t<\/div>\n\t\t\t\t<\/div>\n\t\t\t\t<div class=\"elementor-element elementor-element-268beb71 elementor-widget elementor-widget-image\" data-id=\"268beb71\" data-element_type=\"widget\" data-widget_type=\"image.default\">\n\t\t\t\t<div class=\"elementor-widget-container\">\n\t\t\t\t\t\t\t\t\t\t\t\t\t\t\t<img decoding=\"async\" width=\"641\" height=\"1024\" src=\"https:\/\/pomboagency.com\/wp-content\/uploads\/2024\/09\/spotify-post-Trash4Goods.png\" class=\"attachment-large size-large wp-image-3552\" alt=\"\" srcset=\"https:\/\/pomboagency.com\/wp-content\/uploads\/2024\/09\/spotify-post-Trash4Goods.png 641w, https:\/\/pomboagency.com\/wp-content\/uploads\/2024\/09\/spotify-post-Trash4Goods-188x300.png 188w, https:\/\/pomboagency.com\/wp-content\/uploads\/2024\/09\/spotify-post-Trash4Goods-8x12.png 8w\" sizes=\"(max-width: 641px) 100vw, 641px\" \/>\t\t\t\t\t\t\t\t\t\t\t\t\t\t\t<\/div>\n\t\t\t\t<\/div>\n\t\t\t\t\t<\/div>\n\t\t\t\t<\/div>\n\t\t<div class=\"elementor-element elementor-element-78c31848 e-flex e-con-boxed e-con e-parent\" data-id=\"78c31848\" data-element_type=\"container\" data-settings=\"{&quot;background_background&quot;:&quot;classic&quot;,&quot;background_motion_fx_motion_fx_mouse&quot;:&quot;yes&quot;}\">\n\t\t\t\t\t<div class=\"e-con-inner\">\n\t\t\t\t\t<\/div>\n\t\t\t\t<\/div>\n\t\t<div class=\"elementor-element elementor-element-6aec7fe e-flex e-con-boxed e-con e-parent\" data-id=\"6aec7fe\" data-element_type=\"container\">\n\t\t\t\t\t<div class=\"e-con-inner\">\n\t\t\t\t<div class=\"elementor-element elementor-element-657b15d elementor-hidden-desktop elementor-hidden-tablet elementor-widget elementor-widget-html\" data-id=\"657b15d\" data-element_type=\"widget\" data-widget_type=\"html.default\">\n\t\t\t\t<div class=\"elementor-widget-container\">\n\t\t\t\t\t<div style=\"padding:177.78% 0 0 0;position:relative;\"><iframe src=\"https:\/\/player.vimeo.com\/video\/1006157098?badge=0&amp;autopause=0&amp;player_id=0&amp;app_id=58479\" frameborder=\"0\" allow=\"autoplay; fullscreen; picture-in-picture; clipboard-write\" style=\"position:absolute;top:0;left:0;width:75%;height:75%;\" title=\"https:\/\/www.tiktok.com\/t\/ZIJWR4K9G\/\"><\/iframe><\/div><script src=\"https:\/\/player.vimeo.com\/api\/player.js\"><\/script>\t\t\t\t<\/div>\n\t\t\t\t<\/div>\n\t\t\t\t\t<\/div>\n\t\t\t\t<\/div>\n\t\t<div class=\"elementor-element elementor-element-42fb978 elementor-hidden-desktop elementor-hidden-tablet e-flex e-con-boxed e-con e-parent\" data-id=\"42fb978\" data-element_type=\"container\">\n\t\t\t\t\t<div class=\"e-con-inner\">\n\t\t\t\t<div class=\"elementor-element elementor-element-747dcee elementor-widget elementor-widget-html\" data-id=\"747dcee\" data-element_type=\"widget\" data-widget_type=\"html.default\">\n\t\t\t\t<div class=\"elementor-widget-container\">\n\t\t\t\t\t<div style=\"padding:177.78% 0 0 0;position:relative;\"><iframe src=\"https:\/\/player.vimeo.com\/video\/1006154101?badge=0&amp;autopause=0&amp;player_id=0&amp;app_id=58479\" frameborder=\"0\" allow=\"autoplay; fullscreen; picture-in-picture; clipboard-write\" style=\"position:absolute;top:0;left:0;width:75%;height:75%;\" title=\"Trash4Goods e entra no ritmo da reciclagem\"><\/iframe><\/div><script src=\"https:\/\/player.vimeo.com\/api\/player.js\"><\/script>\t\t\t\t<\/div>\n\t\t\t\t<\/div>\n\t\t\t\t\t<\/div>\n\t\t\t\t<\/div>\n\t\t<div class=\"elementor-element elementor-element-7826d1cc elementor-hidden-mobile e-flex e-con-boxed e-con e-parent\" data-id=\"7826d1cc\" data-element_type=\"container\" id=\"5\">\n\t\t\t\t\t<div class=\"e-con-inner\">\n\t\t<div class=\"elementor-element elementor-element-65cc4c4 e-con-full e-flex e-con e-child\" data-id=\"65cc4c4\" data-element_type=\"container\">\n\t\t\t\t<div class=\"elementor-element elementor-element-5c8d4e5d elementor-widget elementor-widget-html\" data-id=\"5c8d4e5d\" data-element_type=\"widget\" data-widget_type=\"html.default\">\n\t\t\t\t<div class=\"elementor-widget-container\">\n\t\t\t\t\t<div style=\"padding:177.78% 0 0 0;position:relative;display:flex;justify-content:flex-end;\">\n    <iframe src=\"https:\/\/player.vimeo.com\/video\/1006157098?badge=0&amp;autopause=0&amp;player_id=0&amp;app_id=58479\" \n    frameborder=\"0\" allow=\"autoplay; fullscreen; picture-in-picture; clipboard-write\" \n    style=\"position:absolute;top:0;right:0;width:75%;height:75%;\" \n    title=\"https:\/\/www.tiktok.com\/t\/ZIJWR4K9G\/\"><\/iframe>\n<\/div>\n<script src=\"https:\/\/player.vimeo.com\/api\/player.js\"><\/script>\n\t\t\t\t<\/div>\n\t\t\t\t<\/div>\n\t\t\t\t<\/div>\n\t\t<div class=\"elementor-element elementor-element-7a307908 e-con-full e-flex e-con e-child\" data-id=\"7a307908\" data-element_type=\"container\">\n\t\t\t\t<div class=\"elementor-element elementor-element-6b5d7600 elementor-widget elementor-widget-html\" data-id=\"6b5d7600\" data-element_type=\"widget\" data-widget_type=\"html.default\">\n\t\t\t\t<div class=\"elementor-widget-container\">\n\t\t\t\t\t<div style=\"padding:177.78% 0 0 0;position:relative;\"><iframe src=\"https:\/\/player.vimeo.com\/video\/1006154101?badge=0&amp;autopause=0&amp;player_id=0&amp;app_id=58479\" frameborder=\"0\" allow=\"autoplay; fullscreen; picture-in-picture; clipboard-write\" style=\"position:absolute;top:0;left:0;width:75%;height:85%;\" title=\"Trash4Goods e entra no ritmo da reciclagem\"><\/iframe><\/div><script src=\"https:\/\/player.vimeo.com\/api\/player.js\"><\/script>\t\t\t\t<\/div>\n\t\t\t\t<\/div>\n\t\t\t\t<\/div>\n\t\t\t\t\t<\/div>\n\t\t\t\t<\/div>\n\t\t<div class=\"elementor-element elementor-element-e2ba9f7 elementor-hidden-mobile elementor-hidden-desktop elementor-hidden-tablet e-flex e-con-boxed e-con e-parent\" data-id=\"e2ba9f7\" data-element_type=\"container\">\n\t\t\t\t\t<div class=\"e-con-inner\">\n\t\t<div class=\"elementor-element elementor-element-4911571 e-con-full e-flex e-con e-child\" data-id=\"4911571\" data-element_type=\"container\">\n\t\t\t\t<div class=\"elementor-element elementor-element-dca356c elementor-widget elementor-widget-html\" data-id=\"dca356c\" data-element_type=\"widget\" data-widget_type=\"html.default\">\n\t\t\t\t<div class=\"elementor-widget-container\">\n\t\t\t\t\t<div style=\"padding:177.78% 0 0 0;position:relative;\"><iframe src=\"https:\/\/player.vimeo.com\/video\/1006157098?badge=0&amp;autopause=0&amp;player_id=0&amp;app_id=58479\" frameborder=\"0\" allow=\"autoplay; fullscreen; picture-in-picture; clipboard-write\" style=\"position:absolute;top:0;left:0;width:75%;height:75%;\" title=\"https:\/\/www.tiktok.com\/t\/ZIJWR4K9G\/\"><\/iframe><\/div><script src=\"https:\/\/player.vimeo.com\/api\/player.js\"><\/script>\t\t\t\t<\/div>\n\t\t\t\t<\/div>\n\t\t\t\t<\/div>\n\t\t<div class=\"elementor-element elementor-element-c834d4c e-con-full e-flex e-con e-child\" data-id=\"c834d4c\" data-element_type=\"container\">\n\t\t\t\t<div class=\"elementor-element elementor-element-5028817 elementor-widget elementor-widget-html\" data-id=\"5028817\" data-element_type=\"widget\" data-widget_type=\"html.default\">\n\t\t\t\t<div class=\"elementor-widget-container\">\n\t\t\t\t\t<div style=\"padding:177.78% 0 0 0;position:relative;\"><iframe src=\"https:\/\/player.vimeo.com\/video\/1006154101?badge=0&amp;autopause=0&amp;player_id=0&amp;app_id=58479\" frameborder=\"0\" allow=\"autoplay; fullscreen; picture-in-picture; clipboard-write\" style=\"position:absolute;top:0;left:0;width:85%;height:100%;\" title=\"Trash4Goods e entra no ritmo da reciclagem\"><\/iframe><\/div><script src=\"https:\/\/player.vimeo.com\/api\/player.js\"><\/script>\t\t\t\t<\/div>\n\t\t\t\t<\/div>\n\t\t\t\t<\/div>\n\t\t\t\t\t<\/div>\n\t\t\t\t<\/div>\n\t\t<div class=\"elementor-element elementor-element-20ec795e e-flex e-con-boxed e-con e-parent\" data-id=\"20ec795e\" data-element_type=\"container\">\n\t\t\t\t\t<div class=\"e-con-inner\">\n\t\t<div class=\"elementor-element elementor-element-304c64a3 e-con-full e-flex e-con e-child\" data-id=\"304c64a3\" data-element_type=\"container\">\n\t\t\t\t<div class=\"elementor-element elementor-element-547ff53f elementor-widget elementor-widget-image\" data-id=\"547ff53f\" data-element_type=\"widget\" data-widget_type=\"image.default\">\n\t\t\t\t<div class=\"elementor-widget-container\">\n\t\t\t\t\t\t\t\t\t\t\t\t\t\t\t<img decoding=\"async\" width=\"590\" height=\"734\" src=\"https:\/\/pomboagency.com\/wp-content\/uploads\/2024\/09\/spotify-gratis-trash4goods.jpg\" class=\"attachment-large size-large wp-image-3455\" alt=\"\" srcset=\"https:\/\/pomboagency.com\/wp-content\/uploads\/2024\/09\/spotify-gratis-trash4goods.jpg 590w, https:\/\/pomboagency.com\/wp-content\/uploads\/2024\/09\/spotify-gratis-trash4goods-241x300.jpg 241w, https:\/\/pomboagency.com\/wp-content\/uploads\/2024\/09\/spotify-gratis-trash4goods-10x12.jpg 10w\" sizes=\"(max-width: 590px) 100vw, 590px\" \/>\t\t\t\t\t\t\t\t\t\t\t\t\t\t\t<\/div>\n\t\t\t\t<\/div>\n\t\t\t\t<\/div>\n\t\t<div class=\"elementor-element elementor-element-5332db80 e-con-full e-flex e-con e-child\" data-id=\"5332db80\" data-element_type=\"container\">\n\t\t\t\t<div class=\"elementor-element elementor-element-49cdf6d3 elementor-widget elementor-widget-image\" data-id=\"49cdf6d3\" data-element_type=\"widget\" data-widget_type=\"image.default\">\n\t\t\t\t<div class=\"elementor-widget-container\">\n\t\t\t\t\t\t\t\t\t\t\t\t\t\t\t<img loading=\"lazy\" decoding=\"async\" width=\"800\" height=\"1000\" src=\"https:\/\/pomboagency.com\/wp-content\/uploads\/2024\/09\/o-que-e-wishcycling.webp\" class=\"attachment-large size-large wp-image-3451\" alt=\"\" srcset=\"https:\/\/pomboagency.com\/wp-content\/uploads\/2024\/09\/o-que-e-wishcycling.webp 800w, https:\/\/pomboagency.com\/wp-content\/uploads\/2024\/09\/o-que-e-wishcycling-240x300.webp 240w, https:\/\/pomboagency.com\/wp-content\/uploads\/2024\/09\/o-que-e-wishcycling-768x960.webp 768w, https:\/\/pomboagency.com\/wp-content\/uploads\/2024\/09\/o-que-e-wishcycling-10x12.webp 10w\" sizes=\"(max-width: 800px) 100vw, 800px\" \/>\t\t\t\t\t\t\t\t\t\t\t\t\t\t\t<\/div>\n\t\t\t\t<\/div>\n\t\t\t\t<\/div>\n\t\t\t\t\t<\/div>\n\t\t\t\t<\/div>\n\t\t<div class=\"elementor-element elementor-element-dd88fd7 e-flex e-con-boxed e-con e-parent\" data-id=\"dd88fd7\" data-element_type=\"container\">\n\t\t\t\t\t<div class=\"e-con-inner\">\n\t\t<div class=\"elementor-element elementor-element-4ac8151 e-con-full e-flex e-con e-child\" data-id=\"4ac8151\" data-element_type=\"container\">\n\t\t\t\t<div class=\"elementor-element elementor-element-a21b006 elementor-widget elementor-widget-image\" data-id=\"a21b006\" data-element_type=\"widget\" data-widget_type=\"image.default\">\n\t\t\t\t<div class=\"elementor-widget-container\">\n\t\t\t\t\t\t\t\t\t\t\t\t\t\t\t<img loading=\"lazy\" decoding=\"async\" width=\"800\" height=\"1000\" src=\"https:\/\/pomboagency.com\/wp-content\/uploads\/2024\/09\/materiais-mais-reciclaveis.webp\" class=\"attachment-large size-large wp-image-3492\" alt=\"\" srcset=\"https:\/\/pomboagency.com\/wp-content\/uploads\/2024\/09\/materiais-mais-reciclaveis.webp 800w, https:\/\/pomboagency.com\/wp-content\/uploads\/2024\/09\/materiais-mais-reciclaveis-240x300.webp 240w, https:\/\/pomboagency.com\/wp-content\/uploads\/2024\/09\/materiais-mais-reciclaveis-768x960.webp 768w, https:\/\/pomboagency.com\/wp-content\/uploads\/2024\/09\/materiais-mais-reciclaveis-10x12.webp 10w\" sizes=\"(max-width: 800px) 100vw, 800px\" \/>\t\t\t\t\t\t\t\t\t\t\t\t\t\t\t<\/div>\n\t\t\t\t<\/div>\n\t\t\t\t<\/div>\n\t\t<div class=\"elementor-element elementor-element-af30e68 e-con-full e-flex e-con e-child\" data-id=\"af30e68\" data-element_type=\"container\">\n\t\t\t\t<div class=\"elementor-element elementor-element-27774e5 elementor-widget elementor-widget-image\" data-id=\"27774e5\" data-element_type=\"widget\" data-widget_type=\"image.default\">\n\t\t\t\t<div class=\"elementor-widget-container\">\n\t\t\t\t\t\t\t\t\t\t\t\t\t\t\t<img loading=\"lazy\" decoding=\"async\" width=\"800\" height=\"1000\" src=\"https:\/\/pomboagency.com\/wp-content\/uploads\/2024\/09\/costumas-reciclar-819x1024.jpg\" class=\"attachment-large size-large wp-image-3456\" alt=\"\" srcset=\"https:\/\/pomboagency.com\/wp-content\/uploads\/2024\/09\/costumas-reciclar-819x1024.jpg 819w, https:\/\/pomboagency.com\/wp-content\/uploads\/2024\/09\/costumas-reciclar-240x300.jpg 240w, https:\/\/pomboagency.com\/wp-content\/uploads\/2024\/09\/costumas-reciclar-768x960.jpg 768w, https:\/\/pomboagency.com\/wp-content\/uploads\/2024\/09\/costumas-reciclar-10x12.jpg 10w, https:\/\/pomboagency.com\/wp-content\/uploads\/2024\/09\/costumas-reciclar.jpg 1080w\" sizes=\"(max-width: 800px) 100vw, 800px\" \/>\t\t\t\t\t\t\t\t\t\t\t\t\t\t\t<\/div>\n\t\t\t\t<\/div>\n\t\t\t\t<\/div>\n\t\t\t\t\t<\/div>\n\t\t\t\t<\/div>\n\t\t<div class=\"elementor-element elementor-element-438ba225 e-flex e-con-boxed e-con e-parent\" data-id=\"438ba225\" data-element_type=\"container\" data-settings=\"{&quot;background_background&quot;:&quot;classic&quot;,&quot;background_motion_fx_motion_fx_mouse&quot;:&quot;yes&quot;}\">\n\t\t\t\t\t<div class=\"e-con-inner\">\n\t\t\t\t\t<\/div>\n\t\t\t\t<\/div>\n\t\t<div class=\"elementor-element elementor-element-2a983c85 e-flex e-con-boxed e-con e-parent\" data-id=\"2a983c85\" data-element_type=\"container\" data-settings=\"{&quot;background_background&quot;:&quot;classic&quot;,&quot;background_motion_fx_motion_fx_mouse&quot;:&quot;yes&quot;}\">\n\t\t\t\t\t<div class=\"e-con-inner\">\n\t\t\t\t\t<\/div>\n\t\t\t\t<\/div>\n\t\t<div class=\"elementor-element elementor-element-35a0525c e-flex e-con-boxed e-con e-parent\" data-id=\"35a0525c\" data-element_type=\"container\">\n\t\t\t\t\t<div class=\"e-con-inner\">\n\t\t\t\t<div class=\"elementor-element elementor-element-4fa220a elementor-widget elementor-widget-heading\" data-id=\"4fa220a\" data-element_type=\"widget\" data-widget_type=\"heading.default\">\n\t\t\t\t<div class=\"elementor-widget-container\">\n\t\t\t\t\t<p class=\"elementor-heading-title elementor-size-default\">O resultado foi uma reviravolta digital unida que n\u00e3o s\u00f3 aumentou a visibilidade online da BrandZ, como tamb\u00e9m se refletiu na loja f\u00edsica e na rela\u00e7\u00e3o com o seu p\u00fablico<\/p>\t\t\t\t<\/div>\n\t\t\t\t<\/div>\n\t\t\t\t<div class=\"elementor-element elementor-element-6088a400 elementor-align-center elementor-invisible elementor-widget elementor-widget-button\" data-id=\"6088a400\" data-element_type=\"widget\" data-settings=\"{&quot;_animation&quot;:&quot;fadeIn&quot;}\" data-widget_type=\"button.default\">\n\t\t\t\t<div class=\"elementor-widget-container\">\n\t\t\t\t\t\t\t\t\t<div class=\"elementor-button-wrapper\">\n\t\t\t\t\t<a class=\"elementor-button elementor-button-link elementor-size-sm\" href=\"https:\/\/pomboagency.com\/pt\/contatos\/\">\n\t\t\t\t\t\t<span class=\"elementor-button-content-wrapper\">\n\t\t\t\t\t\t\t\t\t<span class=\"elementor-button-text\">Entra em contacto connosco<\/span>\n\t\t\t\t\t<\/span>\n\t\t\t\t\t<\/a>\n\t\t\t\t<\/div>\n\t\t\t\t\t\t\t\t<\/div>\n\t\t\t\t<\/div>\n\t\t\t\t\t<\/div>\n\t\t\t\t<\/div>\n\t\t<div class=\"elementor-element elementor-element-7320a03f e-flex e-con-boxed e-con e-parent\" data-id=\"7320a03f\" data-element_type=\"container\">\n\t\t\t\t\t<div class=\"e-con-inner\">\n\t\t\t\t<div class=\"elementor-element elementor-element-5ebaae44 elementor-widget elementor-widget-heading\" data-id=\"5ebaae44\" data-element_type=\"widget\" data-widget_type=\"heading.default\">\n\t\t\t\t<div class=\"elementor-widget-container\">\n\t\t\t\t\t<h2 class=\"elementor-heading-title elementor-size-default\">Outros projetos<\/h2>\t\t\t\t<\/div>\n\t\t\t\t<\/div>\n\t\t\t\t\t<\/div>\n\t\t\t\t<\/div>\n\t\t<div class=\"elementor-element elementor-element-2a191189 e-flex e-con-boxed e-con e-parent\" data-id=\"2a191189\" data-element_type=\"container\">\n\t\t\t\t\t<div class=\"e-con-inner\">\n\t\t<div class=\"elementor-element elementor-element-60ef94bd e-con-full e-flex e-con e-child\" data-id=\"60ef94bd\" data-element_type=\"container\" data-settings=\"{&quot;background_background&quot;:&quot;classic&quot;}\">\n\t\t\t\t<div class=\"elementor-element elementor-element-36151d0f elementor-widget elementor-widget-heading\" data-id=\"36151d0f\" data-element_type=\"widget\" data-widget_type=\"heading.default\">\n\t\t\t\t<div class=\"elementor-widget-container\">\n\t\t\t\t\t<h2 class=\"elementor-heading-title elementor-size-default\">Pataku's clean<\/h2>\t\t\t\t<\/div>\n\t\t\t\t<\/div>\n\t\t\t\t<div class=\"elementor-element elementor-element-12c8346a elementor-widget elementor-widget-text-editor\" data-id=\"12c8346a\" data-element_type=\"widget\" data-widget_type=\"text-editor.default\">\n\t\t\t\t<div class=\"elementor-widget-container\">\n\t\t\t\t\t\t\t\t\t<p>Website | Marketing automation | An\u00fancios redes sociais | Redes sociais<\/p>\t\t\t\t\t\t\t\t<\/div>\n\t\t\t\t<\/div>\n\t\t\t\t<div class=\"elementor-element elementor-element-33d8e096 elementor-align-center elementor-invisible elementor-widget elementor-widget-button\" data-id=\"33d8e096\" data-element_type=\"widget\" data-settings=\"{&quot;_animation&quot;:&quot;fadeIn&quot;}\" data-widget_type=\"button.default\">\n\t\t\t\t<div class=\"elementor-widget-container\">\n\t\t\t\t\t\t\t\t\t<div class=\"elementor-button-wrapper\">\n\t\t\t\t\t<a class=\"elementor-button elementor-button-link elementor-size-sm\" href=\"https:\/\/pomboagency.com\/pt\/patakus\/\">\n\t\t\t\t\t\t<span class=\"elementor-button-content-wrapper\">\n\t\t\t\t\t\t\t\t\t<span class=\"elementor-button-text\">Ver projeto<\/span>\n\t\t\t\t\t<\/span>\n\t\t\t\t\t<\/a>\n\t\t\t\t<\/div>\n\t\t\t\t\t\t\t\t<\/div>\n\t\t\t\t<\/div>\n\t\t\t\t<\/div>\n\t\t<div class=\"elementor-element elementor-element-2102175e e-con-full e-flex e-con e-child\" data-id=\"2102175e\" data-element_type=\"container\" data-settings=\"{&quot;background_background&quot;:&quot;classic&quot;}\">\n\t\t\t\t<div class=\"elementor-element elementor-element-7c8f6e7c elementor-widget elementor-widget-heading\" data-id=\"7c8f6e7c\" data-element_type=\"widget\" data-widget_type=\"heading.default\">\n\t\t\t\t<div class=\"elementor-widget-container\">\n\t\t\t\t\t<h2 class=\"elementor-heading-title elementor-size-default\">Anjos70 Art &amp; Fleamarket<\/h2>\t\t\t\t<\/div>\n\t\t\t\t<\/div>\n\t\t\t\t<div class=\"elementor-element elementor-element-355e3f32 elementor-widget elementor-widget-text-editor\" data-id=\"355e3f32\" data-element_type=\"widget\" data-widget_type=\"text-editor.default\">\n\t\t\t\t<div class=\"elementor-widget-container\">\n\t\t\t\t\t\t\t\t\t<p>Marketing automation | Website<\/p>\t\t\t\t\t\t\t\t<\/div>\n\t\t\t\t<\/div>\n\t\t\t\t<div class=\"elementor-element elementor-element-ac37890 elementor-align-center elementor-invisible elementor-widget elementor-widget-button\" data-id=\"ac37890\" data-element_type=\"widget\" data-settings=\"{&quot;_animation&quot;:&quot;fadeIn&quot;}\" data-widget_type=\"button.default\">\n\t\t\t\t<div class=\"elementor-widget-container\">\n\t\t\t\t\t\t\t\t\t<div class=\"elementor-button-wrapper\">\n\t\t\t\t\t<a class=\"elementor-button elementor-button-link elementor-size-sm\" href=\"https:\/\/pomboagency.com\/pt\/anjos70\/\">\n\t\t\t\t\t\t<span class=\"elementor-button-content-wrapper\">\n\t\t\t\t\t\t\t\t\t<span class=\"elementor-button-text\">Ver projeto<\/span>\n\t\t\t\t\t<\/span>\n\t\t\t\t\t<\/a>\n\t\t\t\t<\/div>\n\t\t\t\t\t\t\t\t<\/div>\n\t\t\t\t<\/div>\n\t\t\t\t<\/div>\n\t\t\t\t\t<\/div>\n\t\t\t\t<\/div>\n\t\t\t\t<\/div>","protected":false},"excerpt":{"rendered":"<p>Social media THE REQUEST Trash4Goods sought to expand its user base by enhancing its social media presence. They required strategic support to optimize their content, increase engagement, and attract more users to the platform. The outcome was a unified digital setup that not only boosted BrandZ&#8217;s online visibility but also cultivated stronger ties with its [&hellip;]<\/p>","protected":false},"author":1,"featured_media":0,"parent":0,"menu_order":0,"comment_status":"closed","ping_status":"closed","template":"elementor_header_footer","meta":{"footnotes":""},"class_list":["post-3439","page","type-page","status-publish","hentry"],"_links":{"self":[{"href":"https:\/\/pomboagency.com\/pt\/wp-json\/wp\/v2\/pages\/3439"}],"collection":[{"href":"https:\/\/pomboagency.com\/pt\/wp-json\/wp\/v2\/pages"}],"about":[{"href":"https:\/\/pomboagency.com\/pt\/wp-json\/wp\/v2\/types\/page"}],"author":[{"embeddable":true,"href":"https:\/\/pomboagency.com\/pt\/wp-json\/wp\/v2\/users\/1"}],"replies":[{"embeddable":true,"href":"https:\/\/pomboagency.com\/pt\/wp-json\/wp\/v2\/comments?post=3439"}],"version-history":[{"count":112,"href":"https:\/\/pomboagency.com\/pt\/wp-json\/wp\/v2\/pages\/3439\/revisions"}],"predecessor-version":[{"id":3571,"href":"https:\/\/pomboagency.com\/pt\/wp-json\/wp\/v2\/pages\/3439\/revisions\/3571"}],"wp:attachment":[{"href":"https:\/\/pomboagency.com\/pt\/wp-json\/wp\/v2\/media?parent=3439"}],"curies":[{"name":"wp","href":"https:\/\/api.w.org\/{rel}","templated":true}]}}