{"id":599,"date":"2024-01-09T16:28:11","date_gmt":"2024-01-09T16:28:11","guid":{"rendered":"https:\/\/pomboagency.com\/?page_id=599"},"modified":"2024-09-03T14:58:01","modified_gmt":"2024-09-03T14:58:01","slug":"anjos70","status":"publish","type":"page","link":"https:\/\/pomboagency.com\/pt\/anjos70\/","title":{"rendered":"Anjos70"},"content":{"rendered":"<div data-elementor-type=\"wp-page\" data-elementor-id=\"599\" class=\"elementor elementor-599\" data-elementor-post-type=\"page\">\n\t\t\t\t<div class=\"elementor-element elementor-element-05fbcd9 e-flex e-con-boxed e-con e-parent\" data-id=\"05fbcd9\" data-element_type=\"container\" data-settings=\"{&quot;background_background&quot;:&quot;classic&quot;}\">\n\t\t\t\t\t<div class=\"e-con-inner\">\n\t\t\t\t<div class=\"elementor-element elementor-element-c2a9a67 elementor-widget elementor-widget-image\" data-id=\"c2a9a67\" data-element_type=\"widget\" data-widget_type=\"image.default\">\n\t\t\t\t<div class=\"elementor-widget-container\">\n\t\t\t\t\t\t\t\t\t\t\t\t\t\t\t<img fetchpriority=\"high\" decoding=\"async\" width=\"800\" height=\"279\" src=\"https:\/\/pomboagency.com\/wp-content\/uploads\/2024\/01\/logo-branco-anjos70-pombo-agency-1024x357.png\" class=\"attachment-large size-large wp-image-358\" alt=\"\" srcset=\"https:\/\/pomboagency.com\/wp-content\/uploads\/2024\/01\/logo-branco-anjos70-pombo-agency-1024x357.png 1024w, https:\/\/pomboagency.com\/wp-content\/uploads\/2024\/01\/logo-branco-anjos70-pombo-agency-300x104.png 300w, https:\/\/pomboagency.com\/wp-content\/uploads\/2024\/01\/logo-branco-anjos70-pombo-agency-768x267.png 768w, https:\/\/pomboagency.com\/wp-content\/uploads\/2024\/01\/logo-branco-anjos70-pombo-agency.png 1206w\" sizes=\"(max-width: 800px) 100vw, 800px\" \/>\t\t\t\t\t\t\t\t\t\t\t\t\t\t\t<\/div>\n\t\t\t\t<\/div>\n\t\t\t\t<div class=\"elementor-element elementor-element-007f004 elementor-widget elementor-widget-text-editor\" data-id=\"007f004\" data-element_type=\"widget\" data-widget_type=\"text-editor.default\">\n\t\t\t\t<div class=\"elementor-widget-container\">\n\t\t\t\t\t\t\t\t\t<p>Marketing automation | Website<\/p>\t\t\t\t\t\t\t\t<\/div>\n\t\t\t\t<\/div>\n\t\t\t\t\t<\/div>\n\t\t\t\t<\/div>\n\t\t<div class=\"elementor-element elementor-element-310e175f e-flex e-con-boxed e-con e-parent\" data-id=\"310e175f\" data-element_type=\"container\">\n\t\t\t\t\t<div class=\"e-con-inner\">\n\t\t\t\t<div class=\"elementor-element elementor-element-5aaabe21 elementor-widget elementor-widget-heading\" data-id=\"5aaabe21\" data-element_type=\"widget\" data-widget_type=\"heading.default\">\n\t\t\t\t<div class=\"elementor-widget-container\">\n\t\t\t\t\t<h2 class=\"elementor-heading-title elementor-size-default\">O pedido<\/h2>\t\t\t\t<\/div>\n\t\t\t\t<\/div>\n\t\t\t\t<div class=\"elementor-element elementor-element-11cd420 elementor-widget elementor-widget-text-editor\" data-id=\"11cd420\" data-element_type=\"widget\" data-widget_type=\"text-editor.default\">\n\t\t\t\t<div class=\"elementor-widget-container\">\n\t\t\t\t\t\t\t\t\t<p><span style=\"font-weight: 400;\">A Anjos70 est\u00e1 constantemente \u00e0 procura de melhorias para melhorar a experi\u00eancia tanto para os vendedores como para os visitantes. \nDesenvolvemos recentemente um novo e inovador sistema de registo de vendedores, de forma a simplificar e agilizar o processo de participa\u00e7\u00f5es no mercado, tanto interno como externo ao mercado.<\/span><\/p>\t\t\t\t\t\t\t\t<\/div>\n\t\t\t\t<\/div>\n\t\t\t\t\t<\/div>\n\t\t\t\t<\/div>\n\t\t<div class=\"elementor-element elementor-element-3de4f755 e-flex e-con-boxed e-con e-parent\" data-id=\"3de4f755\" data-element_type=\"container\" data-settings=\"{&quot;background_background&quot;:&quot;classic&quot;}\">\n\t\t\t\t\t<div class=\"e-con-inner\">\n\t\t\t\t<div class=\"elementor-element elementor-element-182fa56d elementor-widget elementor-widget-image\" data-id=\"182fa56d\" data-element_type=\"widget\" data-widget_type=\"image.default\">\n\t\t\t\t<div class=\"elementor-widget-container\">\n\t\t\t\t\t\t\t\t\t\t\t\t\t\t\t<img decoding=\"async\" width=\"800\" height=\"534\" src=\"https:\/\/pomboagency.com\/wp-content\/uploads\/2024\/05\/mockup-1-1024x683.webp\" class=\"attachment-large size-large wp-image-2651\" alt=\"\" srcset=\"https:\/\/pomboagency.com\/wp-content\/uploads\/2024\/05\/mockup-1-1024x683.webp 1024w, https:\/\/pomboagency.com\/wp-content\/uploads\/2024\/05\/mockup-1-300x200.webp 300w, https:\/\/pomboagency.com\/wp-content\/uploads\/2024\/05\/mockup-1-768x512.webp 768w, https:\/\/pomboagency.com\/wp-content\/uploads\/2024\/05\/mockup-1-1536x1024.webp 1536w, https:\/\/pomboagency.com\/wp-content\/uploads\/2024\/05\/mockup-1-2048x1365.webp 2048w, https:\/\/pomboagency.com\/wp-content\/uploads\/2024\/05\/mockup-1-18x12.webp 18w\" sizes=\"(max-width: 800px) 100vw, 800px\" \/>\t\t\t\t\t\t\t\t\t\t\t\t\t\t\t<\/div>\n\t\t\t\t<\/div>\n\t\t\t\t\t<\/div>\n\t\t\t\t<\/div>\n\t\t<div class=\"elementor-element elementor-element-7c0c04b1 e-flex e-con-boxed e-con e-parent\" data-id=\"7c0c04b1\" data-element_type=\"container\" data-settings=\"{&quot;background_background&quot;:&quot;classic&quot;,&quot;background_motion_fx_motion_fx_mouse&quot;:&quot;yes&quot;}\">\n\t\t\t\t\t<div class=\"e-con-inner\">\n\t\t\t\t\t<\/div>\n\t\t\t\t<\/div>\n\t\t<div class=\"elementor-element elementor-element-ea43b14 e-flex e-con-boxed e-con e-parent\" data-id=\"ea43b14\" data-element_type=\"container\" data-settings=\"{&quot;background_background&quot;:&quot;classic&quot;,&quot;background_motion_fx_motion_fx_mouse&quot;:&quot;yes&quot;}\">\n\t\t\t\t\t<div class=\"e-con-inner\">\n\t\t\t\t\t<\/div>\n\t\t\t\t<\/div>\n\t\t<div class=\"elementor-element elementor-element-2e6b7b3 e-flex e-con-boxed e-con e-parent\" data-id=\"2e6b7b3\" data-element_type=\"container\" data-settings=\"{&quot;background_background&quot;:&quot;classic&quot;}\">\n\t\t\t\t\t<div class=\"e-con-inner\">\n\t\t\t\t\t<\/div>\n\t\t\t\t<\/div>\n\t\t<div class=\"elementor-element elementor-element-b9a172d e-flex e-con-boxed e-con e-parent\" data-id=\"b9a172d\" data-element_type=\"container\">\n\t\t\t\t\t<div class=\"e-con-inner\">\n\t\t\t\t<div class=\"elementor-element elementor-element-db29ff7 elementor-widget elementor-widget-image\" data-id=\"db29ff7\" data-element_type=\"widget\" data-widget_type=\"image.default\">\n\t\t\t\t<div class=\"elementor-widget-container\">\n\t\t\t\t\t\t\t\t\t\t\t\t\t\t\t<img decoding=\"async\" width=\"600\" height=\"338\" src=\"https:\/\/pomboagency.com\/wp-content\/uploads\/2024\/01\/Comp1-ezgif.com-video-to-gif-converter.gif\" class=\"attachment-large size-large wp-image-1294\" alt=\"\" \/>\t\t\t\t\t\t\t\t\t\t\t\t\t\t\t<\/div>\n\t\t\t\t<\/div>\n\t\t\t\t\t<\/div>\n\t\t\t\t<\/div>\n\t\t<div class=\"elementor-element elementor-element-816857f e-flex e-con-boxed e-con e-parent\" data-id=\"816857f\" data-element_type=\"container\">\n\t\t\t\t\t<div class=\"e-con-inner\">\n\t\t\t\t<div class=\"elementor-element elementor-element-3c2cd84 elementor-widget elementor-widget-heading\" data-id=\"3c2cd84\" data-element_type=\"widget\" data-widget_type=\"heading.default\">\n\t\t\t\t<div class=\"elementor-widget-container\">\n\t\t\t\t\t<p class=\"elementor-heading-title elementor-size-default\">Estamos muito entusiasmados com estas mudan\u00e7as e ansiosos para continuar a elaborar estrat\u00e9gias para agilizar e automatizar o m\u00e1ximo de tarefas dos nossos clientes poss\u00edveis<\/p>\t\t\t\t<\/div>\n\t\t\t\t<\/div>\n\t\t\t\t<div class=\"elementor-element elementor-element-cb9976e elementor-align-center elementor-invisible elementor-widget elementor-widget-button\" data-id=\"cb9976e\" data-element_type=\"widget\" data-settings=\"{&quot;_animation&quot;:&quot;fadeIn&quot;}\" data-widget_type=\"button.default\">\n\t\t\t\t<div class=\"elementor-widget-container\">\n\t\t\t\t\t\t\t\t\t<div class=\"elementor-button-wrapper\">\n\t\t\t\t\t<a class=\"elementor-button elementor-button-link elementor-size-sm\" href=\"https:\/\/pomboagency.com\/pt\/contatos\/\">\n\t\t\t\t\t\t<span class=\"elementor-button-content-wrapper\">\n\t\t\t\t\t\t\t\t\t<span class=\"elementor-button-text\">Entra em contacto connosco<\/span>\n\t\t\t\t\t<\/span>\n\t\t\t\t\t<\/a>\n\t\t\t\t<\/div>\n\t\t\t\t\t\t\t\t<\/div>\n\t\t\t\t<\/div>\n\t\t\t\t\t<\/div>\n\t\t\t\t<\/div>\n\t\t<div class=\"elementor-element elementor-element-8896bb4 e-flex e-con-boxed e-con e-parent\" data-id=\"8896bb4\" data-element_type=\"container\">\n\t\t\t\t\t<div class=\"e-con-inner\">\n\t\t\t\t<div class=\"elementor-element elementor-element-377f351 elementor-widget elementor-widget-heading\" data-id=\"377f351\" data-element_type=\"widget\" data-widget_type=\"heading.default\">\n\t\t\t\t<div class=\"elementor-widget-container\">\n\t\t\t\t\t<h2 class=\"elementor-heading-title elementor-size-default\">Outros projetos<\/h2>\t\t\t\t<\/div>\n\t\t\t\t<\/div>\n\t\t\t\t\t<\/div>\n\t\t\t\t<\/div>\n\t\t<div class=\"elementor-element elementor-element-e9c35bd e-flex e-con-boxed e-con e-parent\" data-id=\"e9c35bd\" data-element_type=\"container\">\n\t\t\t\t\t<div class=\"e-con-inner\">\n\t\t<div class=\"elementor-element elementor-element-27021bf e-con-full e-flex e-con e-child\" data-id=\"27021bf\" data-element_type=\"container\" data-settings=\"{&quot;background_background&quot;:&quot;classic&quot;}\">\n\t\t\t\t<div class=\"elementor-element elementor-element-278437d elementor-widget elementor-widget-heading\" data-id=\"278437d\" data-element_type=\"widget\" data-widget_type=\"heading.default\">\n\t\t\t\t<div class=\"elementor-widget-container\">\n\t\t\t\t\t<h2 class=\"elementor-heading-title elementor-size-default\">M\u00f4\u00e7es<\/h2>\t\t\t\t<\/div>\n\t\t\t\t<\/div>\n\t\t\t\t<div class=\"elementor-element elementor-element-4f499a9 elementor-widget elementor-widget-text-editor\" data-id=\"4f499a9\" data-element_type=\"widget\" data-widget_type=\"text-editor.default\">\n\t\t\t\t<div class=\"elementor-widget-container\">\n\t\t\t\t\t\t\t\t\t<p>Website | Marketing automation<\/p>\t\t\t\t\t\t\t\t<\/div>\n\t\t\t\t<\/div>\n\t\t\t\t<div class=\"elementor-element elementor-element-69a6420 elementor-align-center elementor-widget elementor-widget-button\" data-id=\"69a6420\" data-element_type=\"widget\" data-widget_type=\"button.default\">\n\t\t\t\t<div class=\"elementor-widget-container\">\n\t\t\t\t\t\t\t\t\t<div class=\"elementor-button-wrapper\">\n\t\t\t\t\t<a class=\"elementor-button elementor-button-link elementor-size-sm\" href=\"https:\/\/pomboagency.com\/pt\/moces\/\">\n\t\t\t\t\t\t<span class=\"elementor-button-content-wrapper\">\n\t\t\t\t\t\t\t\t\t<span class=\"elementor-button-text\">Ver projeto<\/span>\n\t\t\t\t\t<\/span>\n\t\t\t\t\t<\/a>\n\t\t\t\t<\/div>\n\t\t\t\t\t\t\t\t<\/div>\n\t\t\t\t<\/div>\n\t\t\t\t<\/div>\n\t\t<div class=\"elementor-element elementor-element-0328524 e-con-full e-flex e-con e-child\" data-id=\"0328524\" data-element_type=\"container\" data-settings=\"{&quot;background_background&quot;:&quot;classic&quot;}\">\n\t\t\t\t<div class=\"elementor-element elementor-element-59bfee6 elementor-widget elementor-widget-heading\" data-id=\"59bfee6\" data-element_type=\"widget\" data-widget_type=\"heading.default\">\n\t\t\t\t<div class=\"elementor-widget-container\">\n\t\t\t\t\t<h2 class=\"elementor-heading-title elementor-size-default\">Brandz<\/h2>\t\t\t\t<\/div>\n\t\t\t\t<\/div>\n\t\t\t\t<div class=\"elementor-element elementor-element-647ca27 elementor-widget elementor-widget-text-editor\" data-id=\"647ca27\" data-element_type=\"widget\" data-widget_type=\"text-editor.default\">\n\t\t\t\t<div class=\"elementor-widget-container\">\n\t\t\t\t\t\t\t\t\t<p>Website | Email marketing | Marketing automation | Redes sociais | An\u00fancios de redes sociais<\/p>\t\t\t\t\t\t\t\t<\/div>\n\t\t\t\t<\/div>\n\t\t\t\t<div class=\"elementor-element elementor-element-3955c60 elementor-align-center elementor-widget elementor-widget-button\" data-id=\"3955c60\" data-element_type=\"widget\" data-widget_type=\"button.default\">\n\t\t\t\t<div class=\"elementor-widget-container\">\n\t\t\t\t\t\t\t\t\t<div class=\"elementor-button-wrapper\">\n\t\t\t\t\t<a class=\"elementor-button elementor-button-link elementor-size-sm\" href=\"https:\/\/pomboagency.com\/pt\/brandz-store\/\">\n\t\t\t\t\t\t<span class=\"elementor-button-content-wrapper\">\n\t\t\t\t\t\t\t\t\t<span class=\"elementor-button-text\">Ver projeto<\/span>\n\t\t\t\t\t<\/span>\n\t\t\t\t\t<\/a>\n\t\t\t\t<\/div>\n\t\t\t\t\t\t\t\t<\/div>\n\t\t\t\t<\/div>\n\t\t\t\t<\/div>\n\t\t\t\t\t<\/div>\n\t\t\t\t<\/div>\n\t\t\t\t<\/div>","protected":false},"excerpt":{"rendered":"<p>Marketing automation | Website THE REQUEST Anjos70 is constantly looking for improvements to improve the experience of both sellers and visitors. We recently developed a new and innovative registration system for sellers, simplifying and streamlining the market participation process, both internal and external to the market. We&#8217;re thrilled about these changes and eager to keep [&hellip;]<\/p>","protected":false},"author":1,"featured_media":0,"parent":0,"menu_order":0,"comment_status":"closed","ping_status":"closed","template":"elementor_header_footer","meta":{"footnotes":""},"class_list":["post-599","page","type-page","status-publish","hentry"],"_links":{"self":[{"href":"https:\/\/pomboagency.com\/pt\/wp-json\/wp\/v2\/pages\/599"}],"collection":[{"href":"https:\/\/pomboagency.com\/pt\/wp-json\/wp\/v2\/pages"}],"about":[{"href":"https:\/\/pomboagency.com\/pt\/wp-json\/wp\/v2\/types\/page"}],"author":[{"embeddable":true,"href":"https:\/\/pomboagency.com\/pt\/wp-json\/wp\/v2\/users\/1"}],"replies":[{"embeddable":true,"href":"https:\/\/pomboagency.com\/pt\/wp-json\/wp\/v2\/comments?post=599"}],"version-history":[{"count":263,"href":"https:\/\/pomboagency.com\/pt\/wp-json\/wp\/v2\/pages\/599\/revisions"}],"predecessor-version":[{"id":3396,"href":"https:\/\/pomboagency.com\/pt\/wp-json\/wp\/v2\/pages\/599\/revisions\/3396"}],"wp:attachment":[{"href":"https:\/\/pomboagency.com\/pt\/wp-json\/wp\/v2\/media?parent=599"}],"curies":[{"name":"wp","href":"https:\/\/api.w.org\/{rel}","templated":true}]}}