{"id":783,"date":"2024-01-10T17:04:50","date_gmt":"2024-01-10T17:04:50","guid":{"rendered":"https:\/\/pomboagency.com\/?page_id=783"},"modified":"2024-09-03T15:08:22","modified_gmt":"2024-09-03T15:08:22","slug":"patakus","status":"publish","type":"page","link":"https:\/\/pomboagency.com\/pt\/patakus\/","title":{"rendered":"Pataku&#8217;s Clean"},"content":{"rendered":"<div data-elementor-type=\"wp-page\" data-elementor-id=\"783\" class=\"elementor elementor-783\" data-elementor-post-type=\"page\">\n\t\t\t\t<div class=\"elementor-element elementor-element-42c6ad9d e-flex e-con-boxed e-con e-parent\" data-id=\"42c6ad9d\" data-element_type=\"container\" data-settings=\"{&quot;background_background&quot;:&quot;classic&quot;}\">\n\t\t\t\t\t<div class=\"e-con-inner\">\n\t\t\t\t<div class=\"elementor-element elementor-element-5587f585 elementor-widget elementor-widget-image\" data-id=\"5587f585\" data-element_type=\"widget\" data-widget_type=\"image.default\">\n\t\t\t\t<div class=\"elementor-widget-container\">\n\t\t\t\t\t\t\t\t\t\t\t\t\t\t\t<img fetchpriority=\"high\" decoding=\"async\" width=\"800\" height=\"279\" src=\"https:\/\/pomboagency.com\/wp-content\/uploads\/2024\/01\/logo-branco-patakus-pombo-agency-1024x357.png\" class=\"attachment-large size-large wp-image-364\" alt=\"\" srcset=\"https:\/\/pomboagency.com\/wp-content\/uploads\/2024\/01\/logo-branco-patakus-pombo-agency-1024x357.png 1024w, https:\/\/pomboagency.com\/wp-content\/uploads\/2024\/01\/logo-branco-patakus-pombo-agency-300x104.png 300w, https:\/\/pomboagency.com\/wp-content\/uploads\/2024\/01\/logo-branco-patakus-pombo-agency-768x267.png 768w, https:\/\/pomboagency.com\/wp-content\/uploads\/2024\/01\/logo-branco-patakus-pombo-agency.png 1206w\" sizes=\"(max-width: 800px) 100vw, 800px\" \/>\t\t\t\t\t\t\t\t\t\t\t\t\t\t\t<\/div>\n\t\t\t\t<\/div>\n\t\t\t\t<div class=\"elementor-element elementor-element-90126d6 elementor-widget elementor-widget-text-editor\" data-id=\"90126d6\" data-element_type=\"widget\" data-widget_type=\"text-editor.default\">\n\t\t\t\t<div class=\"elementor-widget-container\">\n\t\t\t\t\t\t\t\t\t<p>Website | Marketing automation | Redes sociais | An\u00fancios de redes sociais<\/p>\t\t\t\t\t\t\t\t<\/div>\n\t\t\t\t<\/div>\n\t\t\t\t\t<\/div>\n\t\t\t\t<\/div>\n\t\t<div class=\"elementor-element elementor-element-3136d8ed e-flex e-con-boxed e-con e-parent\" data-id=\"3136d8ed\" data-element_type=\"container\">\n\t\t\t\t\t<div class=\"e-con-inner\">\n\t\t\t\t<div class=\"elementor-element elementor-element-41aec3d5 elementor-widget elementor-widget-heading\" data-id=\"41aec3d5\" data-element_type=\"widget\" data-widget_type=\"heading.default\">\n\t\t\t\t<div class=\"elementor-widget-container\">\n\t\t\t\t\t<h3 class=\"elementor-heading-title elementor-size-default\">O pedido<\/h3>\t\t\t\t<\/div>\n\t\t\t\t<\/div>\n\t\t\t\t<div class=\"elementor-element elementor-element-20a79b elementor-widget elementor-widget-text-editor\" data-id=\"20a79b\" data-element_type=\"widget\" data-widget_type=\"text-editor.default\">\n\t\t\t\t<div class=\"elementor-widget-container\">\n\t\t\t\t\t\t\t\t\t<p>Colabor\u00e1mos com a Pataku\u2019s Clean para elevar a sua presen\u00e7a online, liderando uma transforma\u00e7\u00e3o digital abrangente. Os nossos esfor\u00e7os concentraram-se em refinar o website, desenvolver uma estrat\u00e9gia robusta de redes sociais e ainda melhorar toda a presen\u00e7a online da marca.<\/p>\t\t\t\t\t\t\t\t<\/div>\n\t\t\t\t<\/div>\n\t\t\t\t<div class=\"elementor-element elementor-element-29a0ba83 elementor-widget elementor-widget-image\" data-id=\"29a0ba83\" data-element_type=\"widget\" data-widget_type=\"image.default\">\n\t\t\t\t<div class=\"elementor-widget-container\">\n\t\t\t\t\t\t\t\t\t\t\t\t\t\t\t<img decoding=\"async\" width=\"654\" height=\"620\" src=\"https:\/\/pomboagency.com\/wp-content\/uploads\/2024\/01\/portfolio-patakus-emails.png\" class=\"attachment-large size-large wp-image-1353\" alt=\"\" srcset=\"https:\/\/pomboagency.com\/wp-content\/uploads\/2024\/01\/portfolio-patakus-emails.png 654w, https:\/\/pomboagency.com\/wp-content\/uploads\/2024\/01\/portfolio-patakus-emails-300x284.png 300w\" sizes=\"(max-width: 654px) 100vw, 654px\" \/>\t\t\t\t\t\t\t\t\t\t\t\t\t\t\t<\/div>\n\t\t\t\t<\/div>\n\t\t\t\t\t<\/div>\n\t\t\t\t<\/div>\n\t\t<div class=\"elementor-element elementor-element-62eb5776 e-flex e-con-boxed e-con e-parent\" data-id=\"62eb5776\" data-element_type=\"container\" data-settings=\"{&quot;background_background&quot;:&quot;classic&quot;,&quot;background_motion_fx_motion_fx_mouse&quot;:&quot;yes&quot;}\">\n\t\t\t\t\t<div class=\"e-con-inner\">\n\t\t\t\t\t<\/div>\n\t\t\t\t<\/div>\n\t\t<div class=\"elementor-element elementor-element-35c21292 e-flex e-con-boxed e-con e-parent\" data-id=\"35c21292\" data-element_type=\"container\">\n\t\t\t\t\t<div class=\"e-con-inner\">\n\t\t\t\t<div class=\"elementor-element elementor-element-7974222f elementor-widget elementor-widget-image\" data-id=\"7974222f\" data-element_type=\"widget\" data-widget_type=\"image.default\">\n\t\t\t\t<div class=\"elementor-widget-container\">\n\t\t\t\t\t\t\t\t\t\t\t\t\t\t\t<img decoding=\"async\" width=\"603\" height=\"2560\" src=\"https:\/\/pomboagency.com\/wp-content\/uploads\/2024\/05\/website-home-patakus-scaled.webp\" class=\"attachment-full size-full wp-image-3160\" alt=\"\" srcset=\"https:\/\/pomboagency.com\/wp-content\/uploads\/2024\/05\/website-home-patakus-scaled.webp 603w, https:\/\/pomboagency.com\/wp-content\/uploads\/2024\/05\/website-home-patakus-71x300.webp 71w, https:\/\/pomboagency.com\/wp-content\/uploads\/2024\/05\/website-home-patakus-241x1024.webp 241w, https:\/\/pomboagency.com\/wp-content\/uploads\/2024\/05\/website-home-patakus-768x3260.webp 768w, https:\/\/pomboagency.com\/wp-content\/uploads\/2024\/05\/website-home-patakus-362x1536.webp 362w, https:\/\/pomboagency.com\/wp-content\/uploads\/2024\/05\/website-home-patakus-3x12.webp 3w\" sizes=\"(max-width: 603px) 100vw, 603px\" \/>\t\t\t\t\t\t\t\t\t\t\t\t\t\t\t<\/div>\n\t\t\t\t<\/div>\n\t\t\t\t\t<\/div>\n\t\t\t\t<\/div>\n\t\t<div class=\"elementor-element elementor-element-3aabe9 e-flex e-con-boxed e-con e-parent\" data-id=\"3aabe9\" data-element_type=\"container\" data-settings=\"{&quot;background_background&quot;:&quot;classic&quot;,&quot;background_motion_fx_motion_fx_mouse&quot;:&quot;yes&quot;}\">\n\t\t\t\t\t<div class=\"e-con-inner\">\n\t\t\t\t\t<\/div>\n\t\t\t\t<\/div>\n\t\t<div class=\"elementor-element elementor-element-1e959fb e-flex e-con-boxed e-con e-parent\" data-id=\"1e959fb\" data-element_type=\"container\">\n\t\t\t\t\t<div class=\"e-con-inner\">\n\t\t<div class=\"elementor-element elementor-element-9f54528 e-con-full e-flex e-con e-child\" data-id=\"9f54528\" data-element_type=\"container\">\n\t\t\t\t<div class=\"elementor-element elementor-element-232e114 elementor-widget elementor-widget-image\" data-id=\"232e114\" data-element_type=\"widget\" data-widget_type=\"image.default\">\n\t\t\t\t<div class=\"elementor-widget-container\">\n\t\t\t\t\t\t\t\t\t\t\t\t\t\t\t<img loading=\"lazy\" decoding=\"async\" width=\"600\" height=\"750\" src=\"https:\/\/pomboagency.com\/wp-content\/uploads\/2024\/05\/dia-das-meias-ezgif.com-video-to-gif-converter.gif\" class=\"attachment-large size-large wp-image-2903\" alt=\"\" \/>\t\t\t\t\t\t\t\t\t\t\t\t\t\t\t<\/div>\n\t\t\t\t<\/div>\n\t\t\t\t<\/div>\n\t\t<div class=\"elementor-element elementor-element-3c59fd0 e-con-full e-flex e-con e-child\" data-id=\"3c59fd0\" data-element_type=\"container\">\n\t\t\t\t<div class=\"elementor-element elementor-element-3fb41c4 elementor-widget elementor-widget-image\" data-id=\"3fb41c4\" data-element_type=\"widget\" data-widget_type=\"image.default\">\n\t\t\t\t<div class=\"elementor-widget-container\">\n\t\t\t\t\t\t\t\t\t\t\t\t\t\t\t<img loading=\"lazy\" decoding=\"async\" width=\"725\" height=\"906\" src=\"https:\/\/pomboagency.com\/wp-content\/uploads\/2024\/05\/Screenshot-2024-05-14-at-08.45.51.png\" class=\"attachment-large size-large wp-image-2893\" alt=\"\" srcset=\"https:\/\/pomboagency.com\/wp-content\/uploads\/2024\/05\/Screenshot-2024-05-14-at-08.45.51.png 725w, https:\/\/pomboagency.com\/wp-content\/uploads\/2024\/05\/Screenshot-2024-05-14-at-08.45.51-240x300.png 240w, https:\/\/pomboagency.com\/wp-content\/uploads\/2024\/05\/Screenshot-2024-05-14-at-08.45.51-10x12.png 10w\" sizes=\"(max-width: 725px) 100vw, 725px\" \/>\t\t\t\t\t\t\t\t\t\t\t\t\t\t\t<\/div>\n\t\t\t\t<\/div>\n\t\t\t\t<\/div>\n\t\t<div class=\"elementor-element elementor-element-22d7124 e-con-full e-flex e-con e-child\" data-id=\"22d7124\" data-element_type=\"container\">\n\t\t\t\t<div class=\"elementor-element elementor-element-99ffc10 elementor-widget elementor-widget-image\" data-id=\"99ffc10\" data-element_type=\"widget\" data-widget_type=\"image.default\">\n\t\t\t\t<div class=\"elementor-widget-container\">\n\t\t\t\t\t\t\t\t\t\t\t\t\t\t\t<img loading=\"lazy\" decoding=\"async\" width=\"600\" height=\"750\" src=\"https:\/\/pomboagency.com\/wp-content\/uploads\/2024\/05\/perguntas-frequentes1-ezgif.com-video-to-gif-converter.gif\" class=\"attachment-large size-large wp-image-2897\" alt=\"\" \/>\t\t\t\t\t\t\t\t\t\t\t\t\t\t\t<\/div>\n\t\t\t\t<\/div>\n\t\t\t\t<\/div>\n\t\t<div class=\"elementor-element elementor-element-5d377bc e-con-full e-flex e-con e-child\" data-id=\"5d377bc\" data-element_type=\"container\">\n\t\t\t\t<div class=\"elementor-element elementor-element-a4bfeec elementor-widget elementor-widget-image\" data-id=\"a4bfeec\" data-element_type=\"widget\" data-widget_type=\"image.default\">\n\t\t\t\t<div class=\"elementor-widget-container\">\n\t\t\t\t\t\t\t\t\t\t\t\t\t\t\t<img loading=\"lazy\" decoding=\"async\" width=\"724\" height=\"909\" src=\"https:\/\/pomboagency.com\/wp-content\/uploads\/2024\/05\/Screenshot-2024-05-14-at-08.57.04.png\" class=\"attachment-large size-large wp-image-2908\" alt=\"\" srcset=\"https:\/\/pomboagency.com\/wp-content\/uploads\/2024\/05\/Screenshot-2024-05-14-at-08.57.04.png 724w, https:\/\/pomboagency.com\/wp-content\/uploads\/2024\/05\/Screenshot-2024-05-14-at-08.57.04-239x300.png 239w, https:\/\/pomboagency.com\/wp-content\/uploads\/2024\/05\/Screenshot-2024-05-14-at-08.57.04-10x12.png 10w\" sizes=\"(max-width: 724px) 100vw, 724px\" \/>\t\t\t\t\t\t\t\t\t\t\t\t\t\t\t<\/div>\n\t\t\t\t<\/div>\n\t\t\t\t<\/div>\n\t\t<div class=\"elementor-element elementor-element-75d3af1 e-con-full e-flex e-con e-child\" data-id=\"75d3af1\" data-element_type=\"container\">\n\t\t\t\t<div class=\"elementor-element elementor-element-b997b0d elementor-widget elementor-widget-image\" data-id=\"b997b0d\" data-element_type=\"widget\" data-widget_type=\"image.default\">\n\t\t\t\t<div class=\"elementor-widget-container\">\n\t\t\t\t\t\t\t\t\t\t\t\t\t\t\t<img loading=\"lazy\" decoding=\"async\" width=\"600\" height=\"750\" src=\"https:\/\/pomboagency.com\/wp-content\/uploads\/2024\/05\/anti-bolor-patakus-ezgif.com-video-to-gif-converter.gif\" class=\"attachment-large size-large wp-image-2907\" alt=\"\" \/>\t\t\t\t\t\t\t\t\t\t\t\t\t\t\t<\/div>\n\t\t\t\t<\/div>\n\t\t\t\t<\/div>\n\t\t<div class=\"elementor-element elementor-element-2d38a1c e-con-full e-flex e-con e-child\" data-id=\"2d38a1c\" data-element_type=\"container\">\n\t\t\t\t<div class=\"elementor-element elementor-element-00409d2 elementor-widget elementor-widget-image\" data-id=\"00409d2\" data-element_type=\"widget\" data-widget_type=\"image.default\">\n\t\t\t\t<div class=\"elementor-widget-container\">\n\t\t\t\t\t\t\t\t\t\t\t\t\t\t\t<img loading=\"lazy\" decoding=\"async\" width=\"723\" height=\"909\" src=\"https:\/\/pomboagency.com\/wp-content\/uploads\/2024\/05\/Screenshot-2024-05-14-at-08.51.45.png\" class=\"attachment-large size-large wp-image-2899\" alt=\"\" srcset=\"https:\/\/pomboagency.com\/wp-content\/uploads\/2024\/05\/Screenshot-2024-05-14-at-08.51.45.png 723w, https:\/\/pomboagency.com\/wp-content\/uploads\/2024\/05\/Screenshot-2024-05-14-at-08.51.45-239x300.png 239w, https:\/\/pomboagency.com\/wp-content\/uploads\/2024\/05\/Screenshot-2024-05-14-at-08.51.45-10x12.png 10w\" sizes=\"(max-width: 723px) 100vw, 723px\" \/>\t\t\t\t\t\t\t\t\t\t\t\t\t\t\t<\/div>\n\t\t\t\t<\/div>\n\t\t\t\t<\/div>\n\t\t\t\t\t<\/div>\n\t\t\t\t<\/div>\n\t\t<div class=\"elementor-element elementor-element-4613882 e-flex e-con-boxed e-con e-parent\" data-id=\"4613882\" data-element_type=\"container\">\n\t\t\t\t\t<div class=\"e-con-inner\">\n\t\t\t\t<div class=\"elementor-element elementor-element-1d1cf9ea elementor-widget elementor-widget-heading\" data-id=\"1d1cf9ea\" data-element_type=\"widget\" data-widget_type=\"heading.default\">\n\t\t\t\t<div class=\"elementor-widget-container\">\n\t\t\t\t\t<h2 class=\"elementor-heading-title elementor-size-default\">A Pataku's Clean aumentou as vendas e o tr\u00e1fego do site, melhorou as m\u00e9tricas de engagement do usu\u00e1rio e ainda cresceu em p\u00fablico nas redes sociais<\/h2>\t\t\t\t<\/div>\n\t\t\t\t<\/div>\n\t\t\t\t<div class=\"elementor-element elementor-element-3be730b6 elementor-align-center elementor-invisible elementor-widget elementor-widget-button\" data-id=\"3be730b6\" data-element_type=\"widget\" data-settings=\"{&quot;_animation&quot;:&quot;fadeIn&quot;}\" data-widget_type=\"button.default\">\n\t\t\t\t<div class=\"elementor-widget-container\">\n\t\t\t\t\t\t\t\t\t<div class=\"elementor-button-wrapper\">\n\t\t\t\t\t<a class=\"elementor-button elementor-button-link elementor-size-sm\" href=\"https:\/\/pomboagency.com\/pt\/contatos\/\">\n\t\t\t\t\t\t<span class=\"elementor-button-content-wrapper\">\n\t\t\t\t\t\t\t\t\t<span class=\"elementor-button-text\">Entra em contacto connosco<\/span>\n\t\t\t\t\t<\/span>\n\t\t\t\t\t<\/a>\n\t\t\t\t<\/div>\n\t\t\t\t\t\t\t\t<\/div>\n\t\t\t\t<\/div>\n\t\t\t\t\t<\/div>\n\t\t\t\t<\/div>\n\t\t<div class=\"elementor-element elementor-element-af6ccb8 e-flex e-con-boxed e-con e-parent\" data-id=\"af6ccb8\" data-element_type=\"container\">\n\t\t\t\t\t<div class=\"e-con-inner\">\n\t\t\t\t<div class=\"elementor-element elementor-element-9de932f elementor-widget elementor-widget-heading\" data-id=\"9de932f\" data-element_type=\"widget\" data-widget_type=\"heading.default\">\n\t\t\t\t<div class=\"elementor-widget-container\">\n\t\t\t\t\t<h3 class=\"elementor-heading-title elementor-size-default\">Outros projetos<\/h3>\t\t\t\t<\/div>\n\t\t\t\t<\/div>\n\t\t\t\t\t<\/div>\n\t\t\t\t<\/div>\n\t\t<div class=\"elementor-element elementor-element-c35d8a8 e-flex e-con-boxed e-con e-parent\" data-id=\"c35d8a8\" data-element_type=\"container\">\n\t\t\t\t\t<div class=\"e-con-inner\">\n\t\t<div class=\"elementor-element elementor-element-0a62ee1 e-con-full e-flex e-con e-child\" data-id=\"0a62ee1\" data-element_type=\"container\" data-settings=\"{&quot;background_background&quot;:&quot;classic&quot;}\">\n\t\t\t\t<div class=\"elementor-element elementor-element-49138e1 elementor-widget elementor-widget-heading\" data-id=\"49138e1\" data-element_type=\"widget\" data-widget_type=\"heading.default\">\n\t\t\t\t<div class=\"elementor-widget-container\">\n\t\t\t\t\t<h2 class=\"elementor-heading-title elementor-size-default\">Trinacria<\/h2>\t\t\t\t<\/div>\n\t\t\t\t<\/div>\n\t\t\t\t<div class=\"elementor-element elementor-element-2753d6c elementor-widget elementor-widget-text-editor\" data-id=\"2753d6c\" data-element_type=\"widget\" data-widget_type=\"text-editor.default\">\n\t\t\t\t<div class=\"elementor-widget-container\">\n\t\t\t\t\t\t\t\t\t<p>Website | Branding<\/p>\t\t\t\t\t\t\t\t<\/div>\n\t\t\t\t<\/div>\n\t\t\t\t<div class=\"elementor-element elementor-element-1afc9ae elementor-align-center elementor-widget elementor-widget-button\" data-id=\"1afc9ae\" data-element_type=\"widget\" data-widget_type=\"button.default\">\n\t\t\t\t<div class=\"elementor-widget-container\">\n\t\t\t\t\t\t\t\t\t<div class=\"elementor-button-wrapper\">\n\t\t\t\t\t<a class=\"elementor-button elementor-button-link elementor-size-sm\" href=\"https:\/\/pomboagency.com\/pt\/trinacria\/\">\n\t\t\t\t\t\t<span class=\"elementor-button-content-wrapper\">\n\t\t\t\t\t\t\t\t\t<span class=\"elementor-button-text\">Ver projeto<\/span>\n\t\t\t\t\t<\/span>\n\t\t\t\t\t<\/a>\n\t\t\t\t<\/div>\n\t\t\t\t\t\t\t\t<\/div>\n\t\t\t\t<\/div>\n\t\t\t\t<\/div>\n\t\t<div class=\"elementor-element elementor-element-60c3cf6 e-con-full e-flex e-con e-child\" data-id=\"60c3cf6\" data-element_type=\"container\" data-settings=\"{&quot;background_background&quot;:&quot;classic&quot;}\">\n\t\t\t\t<div class=\"elementor-element elementor-element-9930804 elementor-widget elementor-widget-heading\" data-id=\"9930804\" data-element_type=\"widget\" data-widget_type=\"heading.default\">\n\t\t\t\t<div class=\"elementor-widget-container\">\n\t\t\t\t\t<h2 class=\"elementor-heading-title elementor-size-default\">The Whisper tailor<\/h2>\t\t\t\t<\/div>\n\t\t\t\t<\/div>\n\t\t\t\t<div class=\"elementor-element elementor-element-f4ae321 elementor-widget elementor-widget-text-editor\" data-id=\"f4ae321\" data-element_type=\"widget\" data-widget_type=\"text-editor.default\">\n\t\t\t\t<div class=\"elementor-widget-container\">\n\t\t\t\t\t\t\t\t\t<p>Website<\/p>\t\t\t\t\t\t\t\t<\/div>\n\t\t\t\t<\/div>\n\t\t\t\t<div class=\"elementor-element elementor-element-ae7d7d8 elementor-align-center elementor-widget elementor-widget-button\" data-id=\"ae7d7d8\" data-element_type=\"widget\" data-widget_type=\"button.default\">\n\t\t\t\t<div class=\"elementor-widget-container\">\n\t\t\t\t\t\t\t\t\t<div class=\"elementor-button-wrapper\">\n\t\t\t\t\t<a class=\"elementor-button elementor-button-link elementor-size-sm\" href=\"https:\/\/pomboagency.com\/pt\/the-whisper-tailor\/\">\n\t\t\t\t\t\t<span class=\"elementor-button-content-wrapper\">\n\t\t\t\t\t\t\t\t\t<span class=\"elementor-button-text\">Ver projeto<\/span>\n\t\t\t\t\t<\/span>\n\t\t\t\t\t<\/a>\n\t\t\t\t<\/div>\n\t\t\t\t\t\t\t\t<\/div>\n\t\t\t\t<\/div>\n\t\t\t\t<\/div>\n\t\t\t\t\t<\/div>\n\t\t\t\t<\/div>\n\t\t\t\t<\/div>","protected":false},"excerpt":{"rendered":"<p>Website | Marketing automation | Social media ads | Social media THE REQUEST We collaborated with Pataku&#8217;s Clean to elevate their online presence by spearheading a comprehensive digital transformation. Our efforts centered on refining their website, devising a robust social media strategy, and enhancing their overall online branding. Pataku&#8217;s Clean increased sales and website traffic, [&hellip;]<\/p>","protected":false},"author":1,"featured_media":0,"parent":0,"menu_order":0,"comment_status":"closed","ping_status":"closed","template":"elementor_header_footer","meta":{"footnotes":""},"class_list":["post-783","page","type-page","status-publish","hentry"],"_links":{"self":[{"href":"https:\/\/pomboagency.com\/pt\/wp-json\/wp\/v2\/pages\/783"}],"collection":[{"href":"https:\/\/pomboagency.com\/pt\/wp-json\/wp\/v2\/pages"}],"about":[{"href":"https:\/\/pomboagency.com\/pt\/wp-json\/wp\/v2\/types\/page"}],"author":[{"embeddable":true,"href":"https:\/\/pomboagency.com\/pt\/wp-json\/wp\/v2\/users\/1"}],"replies":[{"embeddable":true,"href":"https:\/\/pomboagency.com\/pt\/wp-json\/wp\/v2\/comments?post=783"}],"version-history":[{"count":131,"href":"https:\/\/pomboagency.com\/pt\/wp-json\/wp\/v2\/pages\/783\/revisions"}],"predecessor-version":[{"id":3423,"href":"https:\/\/pomboagency.com\/pt\/wp-json\/wp\/v2\/pages\/783\/revisions\/3423"}],"wp:attachment":[{"href":"https:\/\/pomboagency.com\/pt\/wp-json\/wp\/v2\/media?parent=783"}],"curies":[{"name":"wp","href":"https:\/\/api.w.org\/{rel}","templated":true}]}}