{"id":793,"date":"2024-01-10T17:15:13","date_gmt":"2024-01-10T17:15:13","guid":{"rendered":"https:\/\/pomboagency.com\/?page_id=793"},"modified":"2024-09-03T14:59:47","modified_gmt":"2024-09-03T14:59:47","slug":"brandz-store","status":"publish","type":"page","link":"https:\/\/pomboagency.com\/pt\/brandz-store\/","title":{"rendered":"BrandZ Store"},"content":{"rendered":"<div data-elementor-type=\"wp-page\" data-elementor-id=\"793\" class=\"elementor elementor-793\" data-elementor-post-type=\"page\">\n\t\t\t\t<div class=\"elementor-element elementor-element-1c35fefa e-flex e-con-boxed e-con e-parent\" data-id=\"1c35fefa\" data-element_type=\"container\" data-settings=\"{&quot;background_background&quot;:&quot;classic&quot;}\">\n\t\t\t\t\t<div class=\"e-con-inner\">\n\t\t\t\t<div class=\"elementor-element elementor-element-8ecbffd elementor-widget elementor-widget-image\" data-id=\"8ecbffd\" data-element_type=\"widget\" data-widget_type=\"image.default\">\n\t\t\t\t<div class=\"elementor-widget-container\">\n\t\t\t\t\t\t\t\t\t\t\t\t\t\t\t<img fetchpriority=\"high\" decoding=\"async\" width=\"800\" height=\"279\" src=\"https:\/\/pomboagency.com\/wp-content\/uploads\/2024\/01\/logo-branco-brandz-pombo-agency-1024x357.png\" class=\"attachment-large size-large wp-image-375\" alt=\"\" srcset=\"https:\/\/pomboagency.com\/wp-content\/uploads\/2024\/01\/logo-branco-brandz-pombo-agency-1024x357.png 1024w, https:\/\/pomboagency.com\/wp-content\/uploads\/2024\/01\/logo-branco-brandz-pombo-agency-300x104.png 300w, https:\/\/pomboagency.com\/wp-content\/uploads\/2024\/01\/logo-branco-brandz-pombo-agency-768x267.png 768w, https:\/\/pomboagency.com\/wp-content\/uploads\/2024\/01\/logo-branco-brandz-pombo-agency.png 1206w\" sizes=\"(max-width: 800px) 100vw, 800px\" \/>\t\t\t\t\t\t\t\t\t\t\t\t\t\t\t<\/div>\n\t\t\t\t<\/div>\n\t\t\t\t<div class=\"elementor-element elementor-element-08373b0 elementor-widget elementor-widget-text-editor\" data-id=\"08373b0\" data-element_type=\"widget\" data-widget_type=\"text-editor.default\">\n\t\t\t\t<div class=\"elementor-widget-container\">\n\t\t\t\t\t\t\t\t\t<p>Website | Email marketing | Marketing automation | Redes sociais | An\u00fancios de redes sociais<\/p>\t\t\t\t\t\t\t\t<\/div>\n\t\t\t\t<\/div>\n\t\t\t\t\t<\/div>\n\t\t\t\t<\/div>\n\t\t<div class=\"elementor-element elementor-element-161daccf e-flex e-con-boxed e-con e-parent\" data-id=\"161daccf\" data-element_type=\"container\">\n\t\t\t\t\t<div class=\"e-con-inner\">\n\t\t\t\t<div class=\"elementor-element elementor-element-66c1158b elementor-widget elementor-widget-heading\" data-id=\"66c1158b\" data-element_type=\"widget\" data-widget_type=\"heading.default\">\n\t\t\t\t<div class=\"elementor-widget-container\">\n\t\t\t\t\t<h2 class=\"elementor-heading-title elementor-size-default\">O pedido<\/h2>\t\t\t\t<\/div>\n\t\t\t\t<\/div>\n\t\t\t\t<div class=\"elementor-element elementor-element-1bfad26c elementor-widget elementor-widget-text-editor\" data-id=\"1bfad26c\" data-element_type=\"widget\" data-widget_type=\"text-editor.default\">\n\t\t\t\t<div class=\"elementor-widget-container\">\n\t\t\t\t\t\t\t\t\t<p>A BrandZ queria melhorar a sua presen\u00e7a online, exigindo suporte abrangente em v\u00e1rias plataformas digitais. Eles precisavam de orienta\u00e7\u00e3o estrat\u00e9gica para renovar a sua estrat\u00e9gia para renovar a presen\u00e7a digital, implementar uma automa\u00e7\u00e3o de marketing por e-mail e desenvolver um site moderno e f\u00e1cil para se conectar com o seu p\u00fablico.<\/p>\t\t\t\t\t\t\t\t<\/div>\n\t\t\t\t<\/div>\n\t\t\t\t<div class=\"elementor-element elementor-element-268beb71 elementor-widget elementor-widget-image\" data-id=\"268beb71\" data-element_type=\"widget\" data-widget_type=\"image.default\">\n\t\t\t\t<div class=\"elementor-widget-container\">\n\t\t\t\t\t\t\t\t\t\t\t\t\t\t\t<img decoding=\"async\" width=\"499\" height=\"894\" src=\"https:\/\/pomboagency.com\/wp-content\/uploads\/2024\/07\/brandz-grid-pombo-agency.png\" class=\"attachment-large size-large wp-image-3181\" alt=\"\" srcset=\"https:\/\/pomboagency.com\/wp-content\/uploads\/2024\/07\/brandz-grid-pombo-agency.png 499w, https:\/\/pomboagency.com\/wp-content\/uploads\/2024\/07\/brandz-grid-pombo-agency-167x300.png 167w, https:\/\/pomboagency.com\/wp-content\/uploads\/2024\/07\/brandz-grid-pombo-agency-7x12.png 7w\" sizes=\"(max-width: 499px) 100vw, 499px\" \/>\t\t\t\t\t\t\t\t\t\t\t\t\t\t\t<\/div>\n\t\t\t\t<\/div>\n\t\t\t\t\t<\/div>\n\t\t\t\t<\/div>\n\t\t<div class=\"elementor-element elementor-element-78c31848 e-flex e-con-boxed e-con e-parent\" data-id=\"78c31848\" data-element_type=\"container\" data-settings=\"{&quot;background_background&quot;:&quot;classic&quot;,&quot;background_motion_fx_motion_fx_mouse&quot;:&quot;yes&quot;}\">\n\t\t\t\t\t<div class=\"e-con-inner\">\n\t\t\t\t\t<\/div>\n\t\t\t\t<\/div>\n\t\t<div class=\"elementor-element elementor-element-7826d1cc e-flex e-con-boxed e-con e-parent\" data-id=\"7826d1cc\" data-element_type=\"container\" id=\"5\">\n\t\t\t\t\t<div class=\"e-con-inner\">\n\t\t<div class=\"elementor-element elementor-element-65cc4c4 e-con-full e-flex e-con e-child\" data-id=\"65cc4c4\" data-element_type=\"container\">\n\t\t\t\t<div class=\"elementor-element elementor-element-5c8d4e5d elementor-widget elementor-widget-html\" data-id=\"5c8d4e5d\" data-element_type=\"widget\" data-widget_type=\"html.default\">\n\t\t\t\t<div class=\"elementor-widget-container\">\n\t\t\t\t\t<iframe title=\"vimeo-player\" src=\"https:\/\/player.vimeo.com\/video\/982992823?h=d48e517abb\" width=\"1280\" height=\"720\" frameborder=\"0\"    allowfullscreen><\/iframe>\t\t\t\t<\/div>\n\t\t\t\t<\/div>\n\t\t\t\t<\/div>\n\t\t<div class=\"elementor-element elementor-element-7a307908 e-con-full e-flex e-con e-child\" data-id=\"7a307908\" data-element_type=\"container\">\n\t\t\t\t<div class=\"elementor-element elementor-element-6b5d7600 elementor-widget elementor-widget-html\" data-id=\"6b5d7600\" data-element_type=\"widget\" data-widget_type=\"html.default\">\n\t\t\t\t<div class=\"elementor-widget-container\">\n\t\t\t\t\t<iframe title=\"vimeo-player\" src=\"https:\/\/player.vimeo.com\/video\/982995937?h=9dfa4dd4cd\" width=\"1280\" height=\"720\" frameborder=\"0\"    allowfullscreen><\/iframe>\t\t\t\t<\/div>\n\t\t\t\t<\/div>\n\t\t\t\t<\/div>\n\t\t\t\t\t<\/div>\n\t\t\t\t<\/div>\n\t\t<div class=\"elementor-element elementor-element-1168b33b e-flex e-con-boxed e-con e-parent\" data-id=\"1168b33b\" data-element_type=\"container\">\n\t\t\t\t\t<div class=\"e-con-inner\">\n\t\t<div class=\"elementor-element elementor-element-2c11e4ea e-con-full e-flex e-con e-child\" data-id=\"2c11e4ea\" data-element_type=\"container\">\n\t\t\t\t<div class=\"elementor-element elementor-element-ba6b6ea elementor-widget elementor-widget-html\" data-id=\"ba6b6ea\" data-element_type=\"widget\" data-widget_type=\"html.default\">\n\t\t\t\t<div class=\"elementor-widget-container\">\n\t\t\t\t\t<iframe title=\"vimeo-player\" src=\"https:\/\/player.vimeo.com\/video\/982998945?h=54f70ede17\" width=\"1280\" height=\"720\" frameborder=\"0\"    allowfullscreen><\/iframe>\t\t\t\t<\/div>\n\t\t\t\t<\/div>\n\t\t\t\t<\/div>\n\t\t<div class=\"elementor-element elementor-element-834bcaa e-con-full e-flex e-con e-child\" data-id=\"834bcaa\" data-element_type=\"container\">\n\t\t\t\t<div class=\"elementor-element elementor-element-389fe8ae elementor-widget elementor-widget-html\" data-id=\"389fe8ae\" data-element_type=\"widget\" data-widget_type=\"html.default\">\n\t\t\t\t<div class=\"elementor-widget-container\">\n\t\t\t\t\t<iframe title=\"vimeo-player\" src=\"https:\/\/player.vimeo.com\/video\/983000062?h=da594ea857\" width=\"1280\" height=\"720\" frameborder=\"0\"    allowfullscreen><\/iframe>\t\t\t\t<\/div>\n\t\t\t\t<\/div>\n\t\t\t\t<\/div>\n\t\t\t\t\t<\/div>\n\t\t\t\t<\/div>\n\t\t<div class=\"elementor-element elementor-element-20ec795e e-flex e-con-boxed e-con e-parent\" data-id=\"20ec795e\" data-element_type=\"container\">\n\t\t\t\t\t<div class=\"e-con-inner\">\n\t\t<div class=\"elementor-element elementor-element-5332db80 e-con-full e-flex e-con e-child\" data-id=\"5332db80\" data-element_type=\"container\">\n\t\t\t\t<div class=\"elementor-element elementor-element-49cdf6d3 elementor-widget elementor-widget-image\" data-id=\"49cdf6d3\" data-element_type=\"widget\" data-widget_type=\"image.default\">\n\t\t\t\t<div class=\"elementor-widget-container\">\n\t\t\t\t\t\t\t\t\t\t\t\t\t\t\t<img decoding=\"async\" width=\"300\" height=\"374\" src=\"https:\/\/pomboagency.com\/wp-content\/uploads\/2024\/07\/RPReplay_Final1720725756-ezgif.com-resize.gif\" class=\"attachment-large size-large wp-image-3222\" alt=\"\" \/>\t\t\t\t\t\t\t\t\t\t\t\t\t\t\t<\/div>\n\t\t\t\t<\/div>\n\t\t\t\t<\/div>\n\t\t<div class=\"elementor-element elementor-element-304c64a3 e-con-full e-flex e-con e-child\" data-id=\"304c64a3\" data-element_type=\"container\">\n\t\t\t\t<div class=\"elementor-element elementor-element-547ff53f elementor-widget elementor-widget-image\" data-id=\"547ff53f\" data-element_type=\"widget\" data-widget_type=\"image.default\">\n\t\t\t\t<div class=\"elementor-widget-container\">\n\t\t\t\t\t\t\t\t\t\t\t\t\t\t\t<img loading=\"lazy\" decoding=\"async\" width=\"479\" height=\"599\" src=\"https:\/\/pomboagency.com\/wp-content\/uploads\/2024\/07\/Screenshot-2024-07-11-at-20.25.26.png\" class=\"attachment-large size-large wp-image-3223\" alt=\"\" srcset=\"https:\/\/pomboagency.com\/wp-content\/uploads\/2024\/07\/Screenshot-2024-07-11-at-20.25.26.png 479w, https:\/\/pomboagency.com\/wp-content\/uploads\/2024\/07\/Screenshot-2024-07-11-at-20.25.26-240x300.png 240w, https:\/\/pomboagency.com\/wp-content\/uploads\/2024\/07\/Screenshot-2024-07-11-at-20.25.26-10x12.png 10w\" sizes=\"(max-width: 479px) 100vw, 479px\" \/>\t\t\t\t\t\t\t\t\t\t\t\t\t\t\t<\/div>\n\t\t\t\t<\/div>\n\t\t\t\t<\/div>\n\t\t\t\t\t<\/div>\n\t\t\t\t<\/div>\n\t\t<div class=\"elementor-element elementor-element-438ba225 e-flex e-con-boxed e-con e-parent\" data-id=\"438ba225\" data-element_type=\"container\" data-settings=\"{&quot;background_background&quot;:&quot;classic&quot;,&quot;background_motion_fx_motion_fx_mouse&quot;:&quot;yes&quot;}\">\n\t\t\t\t\t<div class=\"e-con-inner\">\n\t\t\t\t\t<\/div>\n\t\t\t\t<\/div>\n\t\t<div class=\"elementor-element elementor-element-2a983c85 e-flex e-con-boxed e-con e-parent\" data-id=\"2a983c85\" data-element_type=\"container\" data-settings=\"{&quot;background_background&quot;:&quot;classic&quot;,&quot;background_motion_fx_motion_fx_mouse&quot;:&quot;yes&quot;}\">\n\t\t\t\t\t<div class=\"e-con-inner\">\n\t\t\t\t\t<\/div>\n\t\t\t\t<\/div>\n\t\t<div class=\"elementor-element elementor-element-35a0525c e-flex e-con-boxed e-con e-parent\" data-id=\"35a0525c\" data-element_type=\"container\">\n\t\t\t\t\t<div class=\"e-con-inner\">\n\t\t\t\t<div class=\"elementor-element elementor-element-4fa220a elementor-widget elementor-widget-heading\" data-id=\"4fa220a\" data-element_type=\"widget\" data-widget_type=\"heading.default\">\n\t\t\t\t<div class=\"elementor-widget-container\">\n\t\t\t\t\t<p class=\"elementor-heading-title elementor-size-default\">O resultado foi uma reviravolta digital unida que n\u00e3o s\u00f3 aumentou a visibilidade online da BrandZ, como tamb\u00e9m se refletiu na loja f\u00edsica e na rela\u00e7\u00e3o com o seu p\u00fablico<\/p>\t\t\t\t<\/div>\n\t\t\t\t<\/div>\n\t\t\t\t<div class=\"elementor-element elementor-element-6088a400 elementor-align-center elementor-invisible elementor-widget elementor-widget-button\" data-id=\"6088a400\" data-element_type=\"widget\" data-settings=\"{&quot;_animation&quot;:&quot;fadeIn&quot;}\" data-widget_type=\"button.default\">\n\t\t\t\t<div class=\"elementor-widget-container\">\n\t\t\t\t\t\t\t\t\t<div class=\"elementor-button-wrapper\">\n\t\t\t\t\t<a class=\"elementor-button elementor-button-link elementor-size-sm\" href=\"https:\/\/pomboagency.com\/pt\/contatos\/\">\n\t\t\t\t\t\t<span class=\"elementor-button-content-wrapper\">\n\t\t\t\t\t\t\t\t\t<span class=\"elementor-button-text\">Entra em contacto connosco<\/span>\n\t\t\t\t\t<\/span>\n\t\t\t\t\t<\/a>\n\t\t\t\t<\/div>\n\t\t\t\t\t\t\t\t<\/div>\n\t\t\t\t<\/div>\n\t\t\t\t\t<\/div>\n\t\t\t\t<\/div>\n\t\t<div class=\"elementor-element elementor-element-7320a03f e-flex e-con-boxed e-con e-parent\" data-id=\"7320a03f\" data-element_type=\"container\">\n\t\t\t\t\t<div class=\"e-con-inner\">\n\t\t\t\t<div class=\"elementor-element elementor-element-5ebaae44 elementor-widget elementor-widget-heading\" data-id=\"5ebaae44\" data-element_type=\"widget\" data-widget_type=\"heading.default\">\n\t\t\t\t<div class=\"elementor-widget-container\">\n\t\t\t\t\t<h2 class=\"elementor-heading-title elementor-size-default\">Outros projetos<\/h2>\t\t\t\t<\/div>\n\t\t\t\t<\/div>\n\t\t\t\t\t<\/div>\n\t\t\t\t<\/div>\n\t\t<div class=\"elementor-element elementor-element-2a191189 e-flex e-con-boxed e-con e-parent\" data-id=\"2a191189\" data-element_type=\"container\">\n\t\t\t\t\t<div class=\"e-con-inner\">\n\t\t<div class=\"elementor-element elementor-element-60ef94bd e-con-full e-flex e-con e-child\" data-id=\"60ef94bd\" data-element_type=\"container\" data-settings=\"{&quot;background_background&quot;:&quot;classic&quot;}\">\n\t\t\t\t<div class=\"elementor-element elementor-element-36151d0f elementor-widget elementor-widget-heading\" data-id=\"36151d0f\" data-element_type=\"widget\" data-widget_type=\"heading.default\">\n\t\t\t\t<div class=\"elementor-widget-container\">\n\t\t\t\t\t<h2 class=\"elementor-heading-title elementor-size-default\">Pataku's clean<\/h2>\t\t\t\t<\/div>\n\t\t\t\t<\/div>\n\t\t\t\t<div class=\"elementor-element elementor-element-12c8346a elementor-widget elementor-widget-text-editor\" data-id=\"12c8346a\" data-element_type=\"widget\" data-widget_type=\"text-editor.default\">\n\t\t\t\t<div class=\"elementor-widget-container\">\n\t\t\t\t\t\t\t\t\t<p>Website | Marketing automation | An\u00fancios redes sociais | Redes sociais<\/p>\t\t\t\t\t\t\t\t<\/div>\n\t\t\t\t<\/div>\n\t\t\t\t<div class=\"elementor-element elementor-element-33d8e096 elementor-align-center elementor-invisible elementor-widget elementor-widget-button\" data-id=\"33d8e096\" data-element_type=\"widget\" data-settings=\"{&quot;_animation&quot;:&quot;fadeIn&quot;}\" data-widget_type=\"button.default\">\n\t\t\t\t<div class=\"elementor-widget-container\">\n\t\t\t\t\t\t\t\t\t<div class=\"elementor-button-wrapper\">\n\t\t\t\t\t<a class=\"elementor-button elementor-button-link elementor-size-sm\" href=\"https:\/\/pomboagency.com\/pt\/patakus\/\">\n\t\t\t\t\t\t<span class=\"elementor-button-content-wrapper\">\n\t\t\t\t\t\t\t\t\t<span class=\"elementor-button-text\">Ver projeto<\/span>\n\t\t\t\t\t<\/span>\n\t\t\t\t\t<\/a>\n\t\t\t\t<\/div>\n\t\t\t\t\t\t\t\t<\/div>\n\t\t\t\t<\/div>\n\t\t\t\t<\/div>\n\t\t<div class=\"elementor-element elementor-element-2102175e e-con-full e-flex e-con e-child\" data-id=\"2102175e\" data-element_type=\"container\" data-settings=\"{&quot;background_background&quot;:&quot;classic&quot;}\">\n\t\t\t\t<div class=\"elementor-element elementor-element-7c8f6e7c elementor-widget elementor-widget-heading\" data-id=\"7c8f6e7c\" data-element_type=\"widget\" data-widget_type=\"heading.default\">\n\t\t\t\t<div class=\"elementor-widget-container\">\n\t\t\t\t\t<h2 class=\"elementor-heading-title elementor-size-default\">Anjos70 Art &amp; Fleamarket<\/h2>\t\t\t\t<\/div>\n\t\t\t\t<\/div>\n\t\t\t\t<div class=\"elementor-element elementor-element-355e3f32 elementor-widget elementor-widget-text-editor\" data-id=\"355e3f32\" data-element_type=\"widget\" data-widget_type=\"text-editor.default\">\n\t\t\t\t<div class=\"elementor-widget-container\">\n\t\t\t\t\t\t\t\t\t<p>Marketing automation | Website<\/p>\t\t\t\t\t\t\t\t<\/div>\n\t\t\t\t<\/div>\n\t\t\t\t<div class=\"elementor-element elementor-element-ac37890 elementor-align-center elementor-invisible elementor-widget elementor-widget-button\" data-id=\"ac37890\" data-element_type=\"widget\" data-settings=\"{&quot;_animation&quot;:&quot;fadeIn&quot;}\" data-widget_type=\"button.default\">\n\t\t\t\t<div class=\"elementor-widget-container\">\n\t\t\t\t\t\t\t\t\t<div class=\"elementor-button-wrapper\">\n\t\t\t\t\t<a class=\"elementor-button elementor-button-link elementor-size-sm\" href=\"https:\/\/pomboagency.com\/pt\/anjos70\/\">\n\t\t\t\t\t\t<span class=\"elementor-button-content-wrapper\">\n\t\t\t\t\t\t\t\t\t<span class=\"elementor-button-text\">Ver projeto<\/span>\n\t\t\t\t\t<\/span>\n\t\t\t\t\t<\/a>\n\t\t\t\t<\/div>\n\t\t\t\t\t\t\t\t<\/div>\n\t\t\t\t<\/div>\n\t\t\t\t<\/div>\n\t\t\t\t\t<\/div>\n\t\t\t\t<\/div>\n\t\t\t\t<\/div>","protected":false},"excerpt":{"rendered":"<p>Website | Email marketing | Marketing automation | Social media | Social media ads THE REQUEST BrandZ wanted to enhance their online presence, requiring comprehensive support across various digital platforms. They were in need of strategic guidance to revamp their social media strategy, implement effective email marketing automation, and develop a modern, user-friendly website to [&hellip;]<\/p>","protected":false},"author":1,"featured_media":0,"parent":0,"menu_order":0,"comment_status":"closed","ping_status":"closed","template":"elementor_header_footer","meta":{"footnotes":""},"class_list":["post-793","page","type-page","status-publish","hentry"],"_links":{"self":[{"href":"https:\/\/pomboagency.com\/pt\/wp-json\/wp\/v2\/pages\/793"}],"collection":[{"href":"https:\/\/pomboagency.com\/pt\/wp-json\/wp\/v2\/pages"}],"about":[{"href":"https:\/\/pomboagency.com\/pt\/wp-json\/wp\/v2\/types\/page"}],"author":[{"embeddable":true,"href":"https:\/\/pomboagency.com\/pt\/wp-json\/wp\/v2\/users\/1"}],"replies":[{"embeddable":true,"href":"https:\/\/pomboagency.com\/pt\/wp-json\/wp\/v2\/comments?post=793"}],"version-history":[{"count":179,"href":"https:\/\/pomboagency.com\/pt\/wp-json\/wp\/v2\/pages\/793\/revisions"}],"predecessor-version":[{"id":3399,"href":"https:\/\/pomboagency.com\/pt\/wp-json\/wp\/v2\/pages\/793\/revisions\/3399"}],"wp:attachment":[{"href":"https:\/\/pomboagency.com\/pt\/wp-json\/wp\/v2\/media?parent=793"}],"curies":[{"name":"wp","href":"https:\/\/api.w.org\/{rel}","templated":true}]}}